{"id":3,"date":"2019-06-27T15:00:58","date_gmt":"2019-06-27T15:00:58","guid":{"rendered":"https:\/\/store.boccas.biz\/?page_id=3"},"modified":"2019-08-01T17:19:58","modified_gmt":"2019-08-01T17:19:58","slug":"privacy-notice","status":"publish","type":"page","link":"https:\/\/store.boccas.biz\/pt\/privacy-notice\/","title":{"rendered":"Aviso de Privacidade"},"content":{"rendered":"<p>&nbsp;<\/p>\n<div class=\"post-entry post-entry-type-page post-entry-1050\">\n<div class=\"entry-content-wrapper clearfix\">\n<div class=\"flex_column av_one_full flex_column_div av-zero-column-padding first avia-builder-el-0 avia-builder-el-no-sibling\">\n<div class=\"av-special-heading av-special-heading-h1 blockquote modern-quote modern-centered avia-builder-el-1 el_before_av_hr avia-builder-el-first\">\n<h1 class=\"av-special-heading-tag\" style=\"text-align: center;\">Aviso de Privacidade<\/h1>\n<div class=\"av-subheading av-subheading_below\">\n<p style=\"text-align: center;\">Detalhes acerca da sua informa\u00e7\u00e3o.<\/p>\n<p>&nbsp;<\/p>\n<\/div>\n<\/div>\n<div class=\"hr hr-default avia-builder-el-2 el_after_av_heading el_before_av_textblock\"><\/div>\n<section class=\"av_textblock_section\">\n<div class=\"avia_textblock\">\n<ol>\n<li>\n<h5>Boccas Store: Aviso de Privacidade Online<\/h5>\n<p>A Boccasballs Unipessoal, Lda. e os seus afiliados respeitam as suas preocupa\u00e7\u00f5es acerca da privacidade. Este aviso de privacidade aplica-se a toda a informa\u00e7\u00e3o pessoal que recolhemos neste website. A Boccasballs Unipessoal, Lda. (16 Praceta Jo\u00e3o Glama, 4300-528, Porto, Portugal) \u00e9 respons\u00e1vel por este website.<\/p>\n<p>O Aviso de Privacidade descreve todos os tipos de informa\u00e7\u00e3o pessoal que recolhemos neste Website, como poderemos utilizar essa informa\u00e7\u00e3o e com quem poderemos partilh\u00e1-la. O aviso tamb\u00e9m descreve as medidas que tomamos para assegurar a protec\u00e7\u00e3o da sua informa\u00e7\u00e3o pessoal. Tamb\u00e9m o informamos de como nos pode contactar para (i) aceder, mudar ou n\u00e3o utilizar a informa\u00e7\u00e3o pessoal que nos confiou, (ii) retirar a autoriza\u00e7\u00e3o que nos deu previamente, (iii) informar-nos para n\u00e3o comunicar os nossos produtos e servi\u00e7os consigo, e (iv) responder a quaisquer quest\u00f5es que possa ter sobre as nossas pol\u00edticas de privacidade.<\/li>\n<li>\n<h5>A informa\u00e7\u00e3o que recolhemos e como a utilizamos<\/h5>\n<p>O(A) utilizador(a) pode escolher providenciar informa\u00e7\u00e3o pessoal (tal como o nome, detalhes de contacto e informa\u00e7\u00f5es de pagamento) atrav\u00e9s deste website e atrav\u00e9s da nossa linha de apoio ao cliente. Aqui est\u00e3o descritas as formas em que poder\u00e1 providenciar essa informa\u00e7\u00e3o e os tipos de informa\u00e7\u00e3o que poder\u00e1 submeter. Tamb\u00e9m o informamos de como poderemos utilizar essa informa\u00e7\u00e3o.<\/li>\n<li>\n<h5>Compras<\/h5>\n<p>Poder\u00e1 comprar produtos Boccasballs neste website. Para processar a sua compra, poderemos pedir determinados tipos de informa\u00e7\u00e3o tais como o seu nome, morada de factura\u00e7\u00e3o e envio, n\u00famero de telefone, endere\u00e7o de correio electr\u00f3nico. Utilizamos esta informa\u00e7\u00e3o para processar a sua compra, confirmar a sua encomenda e entregar os produtos. Se nos providenciou a sua autoriza\u00e7\u00e3o pr\u00e9via, e se for permitido por lei, poderemos tamb\u00e9m utilizar a sua informa\u00e7\u00e3o de contacto para efeitos de comunica\u00e7\u00e3o dos nossos produtos, servi\u00e7os e promo\u00e7\u00f5es consigo.<\/p>\n<p>Se comprar um produto neste website ou pedir-nos para entregar a sua compra a outra pessoa, poderemos pedir o nome, o endere\u00e7o postal e electr\u00f3nico do recipiente. Utilizamos esta informa\u00e7\u00e3o para enviar o produto para o recipiente. Se nos pedir para o fazer, tamb\u00e9m poderemos utilizar esta informa\u00e7\u00e3o para notificar o recipiente do seu presente antes da sua chegada.<\/li>\n<li>\n<h5>A Minha Conta<\/h5>\n<p>Poder\u00e1 registar-se para criar uma conta neste website. Para o fazer, iremos pedir informa\u00e7\u00e3o tal como o seu nome e endere\u00e7o de correio electr\u00f3nico.<\/p>\n<p>Atrav\u00e9s da ferramenta \"a minha conta\", poder\u00e1 guardar dados de factura\u00e7\u00e3o e envio para n\u00e3o ter que preencher esses dados sempre que realizar uma compra neste website. Tamb\u00e9m poder\u00e1 guardar informa\u00e7\u00f5es pessoais e detalhes das suas \u00faltimas compras. Tamb\u00e9m poder\u00e1 guardar a sua informa\u00e7\u00e3o na sua conta para permitir um pagamento mais r\u00e1pido. Para utilizar esta ferramenta, pedimos que providencie a sua informa\u00e7\u00e3o.<\/li>\n<li>\n<h5>Boletins Electr\u00f3nicos<\/h5>\n<p>Poder\u00e1 registar-se para receber boletins electr\u00f3nicos e correio electr\u00f3nico promocional da Boccasballs, incluindo novas ideias, ofertas especiais e informa\u00e7\u00e3o de eventos. Para registar-se, pedimos-lhe determinada informa\u00e7\u00e3o tal como o seu nome e endere\u00e7o de correio electr\u00f3nico. Utilizamos esta informa\u00e7\u00e3o para lhe enviar comunica\u00e7\u00e3o acerca dos nossos produtos e servi\u00e7os, convites para vendas especiais, e avisos sobre novos produtos. Pode escolher a qualquer altura n\u00e3o receber e-mails de marketing da nossa parte, ao enviar-nos um e-mail a pedir a sua remo\u00e7\u00e3o da lista de subscritores do boletim electr\u00f3nico. N\u00e3o h\u00e1 qualquer custo aplicado a essa remo\u00e7\u00e3o.<\/li>\n<li>\n<h5>Coment\u00e1rios<\/h5>\n<p>Poder\u00e1 submeter coment\u00e1rios a produtos que partilhamos neste website. Poder\u00e1 incluir informa\u00e7\u00e3o pessoal no seu coment\u00e1rio, e tamb\u00e9m poder\u00e1 submeter o seu nome com o seu coment\u00e1rio. Utilizamos o seu nome para o identificar como o autor do coment\u00e1rio.<\/li>\n<li>\n<h5>Contacto<\/h5>\n<p>Se comunicar connosco atrav\u00e9s do link \"Contacto\" neste website, poderemos pedir informa\u00e7\u00e3o tal como o seu nome, endere\u00e7o de correio electr\u00f3nico, endere\u00e7o postal e n\u00famero de telefone. Utilizamos esta informa\u00e7\u00e3o para responder e para comunicar consigo acerca das suas quest\u00f5es e coment\u00e1rios.<\/li>\n<li>\n<h5>Informa\u00e7\u00e3o que recolhemos atr\u00e1ves de Meios Autom\u00e1ticos<\/h5>\n<p>N\u00f3s obtemos determinado tipo de informa\u00e7\u00f5es atrav\u00e9s de meios autom\u00e1ticos quando visita o nosso website, tal como o endere\u00e7o de IP do dispositivo que utiliza para se conectar \u00e0 Internet, e as p\u00e1ginas \u00e0s quais acedeu. Ao recolhermos esta informa\u00e7\u00e3o, aprendemos a melhor forma de dispor o nosso website aos nossos visitantes e percebemos que produtos e servi\u00e7os podem preferir. Recolhemos esta informa\u00e7\u00e3o atrav\u00e9s de diversos meios, tais como \"cookies\".<\/li>\n<li>\n<h5>Cookies<\/h5>\n<p>Como muitas empresas, n\u00f3s utilizamos \"cookies\" neste website. Os cookies s\u00e3o peda\u00e7os de texto que s\u00e3o colocados no disco r\u00edgido do seu computador quando visita determinados websites. Os cookies podem melhor a sua experi\u00eancia online ao gravarem prefer\u00eancias quando visita um site em particular. N\u00f3s utilizamos cookies, por exemplo, para preservar os conte\u00fados do seu carrinho de compras virtual entre visitas. Tamb\u00e9m utilizamos cookies para medir a actividade no site e determinar quais as \u00e1reas e fun\u00e7\u00f5es do nosso website que s\u00e3o mais populares.<\/p>\n<p>Para saber mais acerca da forma como utilizamos cookies, por favor visite a nossa <a href=\"https:\/\/store.boccas.biz\/pt\/cookie-policy\/\">Pol\u00edtica de Cookies<\/a>.<\/li>\n<li>\n<h5>Apoio ao Cliente<\/h5>\n<p>Poder\u00e1 contactar a nossa linha de apoio ao cliente para obter informa\u00e7\u00f5es acerca dos nossos produtos ou para obter conselhos sobre os artigos. Se o fizer, poderemos pedir-lhe informa\u00e7\u00e3o tal como o seu nome, endere\u00e7o de correio electr\u00f3nico, endere\u00e7o postal, n\u00famero de telefone, e se desejar fazer uma compra, a sua informa\u00e7\u00e3o de pagamento. Utilizamos esta informa\u00e7\u00e3o para responder ao seu pedido e processar a sua transac\u00e7\u00e3o.<\/li>\n<li>\n<h5>Outras Formas de Recolha e Uso de Informa\u00e7\u00e3o<\/h5>\n<p>Adicionalmente \u00e0s formas pelas quais obtemos informa\u00e7\u00e3o sobre si descritas acima, tamb\u00e9m poderemos obter informa\u00e7\u00e3o acerca de si atrav\u00e9s de terceiros. Poderemos utilizar a sua informa\u00e7\u00e3o pessoal para o providenciar com produtos ou servi\u00e7os que possa pedir, melhorar a sua experi\u00eancia de compra e comunicar consigo acerca dos nossos produtos, servi\u00e7os e promo\u00e7\u00f5es. Tamb\u00e9m poderemos utilizar a sua informa\u00e7\u00e3o pessoal efeitos internos, tais como fraude e preven\u00e7\u00e3o de roubo, notifica\u00e7\u00e3o de acidentes, desenvolvimento e administra\u00e7\u00e3o dos nossos websites e Lojas, an\u00e1lise de dados, e cumprimento com as nossas obriga\u00e7\u00f5es legais, pol\u00edticas e procedimentos.<\/li>\n<li>\n<h5>Informa\u00e7\u00e3o Que Partilhamos<\/h5>\n<p>N\u00e3o vendemos e n\u00e3o divulgamos informa\u00e7\u00e3o pessoal sobre os nossos clientes, excepto nas situa\u00e7\u00f5es descritas aqui. Poderemos partilhar a sua informa\u00e7\u00e3o pessoal com os nossos afiliados em todo o mundo, titulares de licen\u00e7as e parceiros de neg\u00f3cios para os prop\u00f3sitos descritos neste Aviso de Privacidade. Tamb\u00e9m poderemos partilhar a sua informa\u00e7\u00e3o com os nossos provedores de servi\u00e7os que prestam servi\u00e7os por n\u00f3s baseados nas nossas instru\u00e7\u00f5es. Estes provedores de servi\u00e7os n\u00e3o est\u00e3o autorizados por n\u00f3s a utilizar ou divulgar a informa\u00e7\u00e3o excepto se for necess\u00e1rio para realizar servi\u00e7os por n\u00f3s ou cumprir com requisitos legais.<\/p>\n<p>Tamb\u00e9m poderemos divulgar informa\u00e7\u00e3o sobre si se (i) tal for exigido por lei ou processo legal (tal como uma ordem judicial), (ii) em resposta a um pedido pelas autoridades legais, ou (iii) quando acreditamos que a divulga\u00e7\u00e3o \u00e9 necess\u00e1ria ou apropriada para prevenir danos f\u00edsicos ou preju\u00edzos financeiros ou em liga\u00e7\u00e3o com uma investiga\u00e7\u00e3o de suspeita ou actual actividade ilegal. Tamb\u00e9m reservamos o direito de transferir informa\u00e7\u00e3o pessoal que temos sobre si na eventualidade de venda ou transfer\u00eancia de todos ou uma por\u00e7\u00e3o dos nossos activos empresariais. Se tal venda ou transfer\u00eancia ocorrer, utilizaremos os m\u00e9todos poss\u00edveis e razo\u00e1veis para que o recipiente utilize as nossas directivas em rela\u00e7\u00e3o \u00e0 sua informa\u00e7\u00e3o pessoal, de forma consistente com a nossa Pol\u00edtica de Privacidade. Em seguimento dessa venda ou transfer\u00eancia, poder\u00e1 contactar a entidade para a qual transferimos a sua informa\u00e7\u00e3o pessoal com qualquer quest\u00e3o acerca do processamento dessa informa\u00e7\u00e3o.<\/li>\n<li>\n<h5>Liga\u00e7\u00f5es a Outros Websites<\/h5>\n<p>Este website poder\u00e1 conter liga\u00e7\u00f5es a outros sites para a sua conveni\u00eancia e informa\u00e7\u00e3o. Estes websites podem ser operados por empresas que n\u00e3o est\u00e3os afiliadas \u00e0 Boccasballs. Esses websites poder\u00e3o ter as suas pr\u00f3prias pol\u00edticas de privacidade, as quais sugerimos que consulte se visitar qualquer liga\u00e7\u00e3o a um website externo. N\u00e3o somos respons\u00e1veis pelo conte\u00fado de qualquer website que n\u00e3o esteja afiliado com a Boccasballs, qualquer uso desses websites, ou as pr\u00e1ticas de privacidade dos mesmos.<\/li>\n<li>\n<h5>Como Protegemos a sua Informa\u00e7\u00e3o Pessoal<\/h5>\n<p>N\u00f3s mantemos medidas de seguran\u00e7a administrativas, t\u00e9cnicas e f\u00edsicas apropriadas \u00e0 seguran\u00e7a da informa\u00e7\u00e3o pessoal que providenciou neste Website contra acidentes, destrui\u00e7\u00e3o ilegal ou n\u00e3o autorizada, perda, altera\u00e7\u00e3o, acesso, divulga\u00e7\u00e3o ou utiliza\u00e7\u00e3o e outras formas ilegais de processamento. Utilizamos a tecnologia Secure Sockets Layer (\"SSL) para proteger a transmiss\u00e3o atrav\u00e9s da internet da sua informa\u00e7\u00e3o. Poder\u00e1 confirmar a seguran\u00e7a da sua conex\u00e3o olhando para a linha de URL do seu navegador. Ao aceder a um website seguro, os primeiros caracteres do endere\u00e7o do site ir\u00e3o mudar de \"http\" para \"https\". Se estiver a utilizar um navegador ou firewall que n\u00e3o permita comunica\u00e7\u00f5es atrav\u00e9s de websites seguros, sugerimos que permita estas comunica\u00e7\u00f5es.<\/li>\n<li>\n<h5>Acesso e Correc\u00e7\u00e3o<\/h5>\n<p>Conforme a lei aplic\u00e1vel, providenciamos-lhe o acesso a informa\u00e7\u00e3o pessoal que recolhemos sobre si, e a capacidade para rever, corrigir, actualizar, bloquear ou remover essa informa\u00e7\u00e3o no caso de estar incorrecta. Por favor submeta o seu pedido ao endere\u00e7o especificado na sec\u00e7\u00e3o \"Como Contactar-nos\" em baixo. Por favor inclua o seu nome, endere\u00e7o de correio electr\u00f3nico, endere\u00e7o postal e uma c\u00f3pia do seu cart\u00e3o de identifica\u00e7\u00e3o ou passaporte com o seu pedido.<\/li>\n<li>\n<h5>As Suas Escolhas<\/h5>\n<p>Oferecemos-lhe determinadas escolhas sobre a nossa comunica\u00e7\u00e3o consigo e sobre a informa\u00e7\u00e3o que recolhemos sobre si. Poder\u00e1 retirar qualquer consentimento pr\u00e9vio que nos tenha dado ou refutar a qualquer altura de acordo com a lei, e sem qualquer custo, o processamento da sua informa\u00e7\u00e3o pessoal, e n\u00f3s aplicaremos as suas prefer\u00eancias no futuro.<\/p>\n<p>Pode optar por n\u00e3o receber comunica\u00e7\u00f5es de marketing da nossa parte enviando-nos um e-mail ou contactando-nos como especificado na sec\u00e7\u00e3o \"Como Contactar-nos\" descrita abaixo. Por favor inclua o seu nome, endere\u00e7o de correio electr\u00f3nico e endere\u00e7o postal se nos enviar o seu pedido por correio electr\u00f3nico ou correio postal.<\/li>\n<li>\n<h5>Privacidade Infantil<\/h5>\n<p>Este website n\u00e3o est\u00e1 direccionado a crian\u00e7as com menos de treze anos e n\u00e3o recolhemos informa\u00e7\u00e3o pessoal de crian\u00e7as com menos de treze anos no website. Se formos notificados que recolhemos informa\u00e7\u00e3o pessoal inadvertidamente de um visitante com menos de treze anos neste website, iremos remover essa informa\u00e7\u00e3o dos nossos registos.<\/p>\n<p>As crian\u00e7as com menos de dezoito anos n\u00e3o poder\u00e3o realizar compras neste website sem o consentimento dos seus representantes legais.<\/li>\n<li>\n<h5>Actualiza\u00e7\u00f5es ao nosso Aviso de Privacidade<\/h5>\n<p>Este Aviso de Privacidade poder\u00e1 ser actualizado periodicamente e sem ser necess\u00e1rio um aviso pr\u00e9vio a si, para reflectir mudan\u00e7as nas nossas pr\u00e1ticas relacionadas com a informa\u00e7\u00e3o pessoal ou para reflectir mudan\u00e7as em leis relevantes. Iremos colocar um aviso proeminente no website para o notificar de mudan\u00e7as significativas ao nosso Aviso de Privacidade e indicaremos no final do aviso, quando foi efectuada a actualiza\u00e7\u00e3o.<\/li>\n<li>\n<h5>Lei Governamental e Jurisdi\u00e7\u00e3o<\/h5>\n<p>Este Aviso de Privacidade ser\u00e1 regido pela Lei Portuguesa. Disputas que surjam sob ou em conex\u00e3o com este Aviso de Privacidade (incluindo disputas n\u00e3o contratuais) estar\u00e3o sujeitas aos tribunais n\u00e3o-exclusivos de Portugal, verificando-se, que o mesmo n\u00e3o afectar\u00e1 o direito de qualquer parte a um processo em qualquer local de jurisdi\u00e7\u00e3o competente sob a lei de procedimentos aplic\u00e1vel.<\/li>\n<li>\n<h5>Como Contactar-nos<\/h5>\n<p>Se tiver qualquer quest\u00e3o, coment\u00e1rio ou queixa acerca deste Aviso de Privacidade ou este Website, por favor contacte-nos:<\/p>\n<p>Email: <a href=\"mailto:boccas@gmail.com\">boccas@gmail.com<\/a><\/p>\n<p>N\u00famero de Telefone: (+351) 962 877 096<\/p>\n<p>Obrigado por nos visitar em store.boccas.biz<\/li>\n<\/ol>\n<p><em>\u00daltima Modifica\u00e7\u00e3o: 27 de Junho, 2019<\/em><\/p>\n<\/div>\n<\/section>\n<\/div>\n<\/div>\n<\/div>","protected":false},"excerpt":{"rendered":"<p>&nbsp; Privacy Notice Details regarding your information. &nbsp; Boccas Store: Online Privacy Notice Boccasballs Unipessoal, Lda. and its affiliates respect your concerns about privacy. This Privacy Notice applies to personal information we collect on this website. Boccasballs Unipessoal, Lda. (16 Praceta Jo\u00e3o Glama, 4300-528, Porto, Portugal) is responsible for this website. The Privacy Notice describes [&hellip;]<\/p>","protected":false},"author":1,"featured_media":0,"parent":0,"menu_order":0,"comment_status":"closed","ping_status":"open","template":"","meta":{"spay_email":""},"yoast_head":"<!-- This site is optimized with the Yoast SEO plugin v16.2 - https:\/\/yoast.com\/wordpress\/plugins\/seo\/ -->\n<title>Privacy Notice | Boccas<\/title>\n<meta name=\"robots\" content=\"index, follow, max-snippet:-1, max-image-preview:large, max-video-preview:-1\" \/>\n<link rel=\"canonical\" href=\"https:\/\/store.boccas.biz\/pt\/privacy-notice\/\" \/>\n<meta property=\"og:locale\" content=\"pt_PT\" \/>\n<meta property=\"og:type\" content=\"article\" \/>\n<meta property=\"og:title\" content=\"Privacy Notice | Boccas\" \/>\n<meta property=\"og:description\" content=\"&nbsp; Privacy Notice Details regarding your information. &nbsp; Boccas Store: Online Privacy Notice Boccasballs Unipessoal, Lda. and its affiliates respect your concerns about privacy. This Privacy Notice applies to personal information we collect on this website. Boccasballs Unipessoal, Lda. (16 Praceta Jo\u00e3o Glama, 4300-528, Porto, Portugal) is responsible for this website. The Privacy Notice describes [&hellip;]\" \/>\n<meta property=\"og:url\" content=\"https:\/\/store.boccas.biz\/pt\/privacy-notice\/\" \/>\n<meta property=\"og:site_name\" content=\"Boccas\" \/>\n<meta property=\"article:publisher\" content=\"https:\/\/pt-pt.facebook.com\/Boccas-850820878274686\/\" \/>\n<meta property=\"article:modified_time\" content=\"2019-08-01T17:19:58+00:00\" \/>\n<meta name=\"twitter:card\" content=\"summary_large_image\" \/>\n<meta name=\"twitter:label1\" content=\"Tempo estimado de leitura\">\n\t<meta name=\"twitter:data1\" content=\"9 minutos\">\n<script type=\"application\/ld+json\" class=\"yoast-schema-graph\">{\"@context\":\"https:\/\/schema.org\",\"@graph\":[{\"@type\":\"Organization\",\"@id\":\"https:\/\/store.boccas.biz\/#organization\",\"name\":\"Boccas\",\"url\":\"https:\/\/store.boccas.biz\/\",\"sameAs\":[\"https:\/\/pt-pt.facebook.com\/Boccas-850820878274686\/\",\"https:\/\/www.instagram.com\/boccasballs\/\",\"https:\/\/www.youtube.com\/channel\/UCO2Nsi2uu73QVljANP75NZg\/\"],\"logo\":{\"@type\":\"ImageObject\",\"@id\":\"https:\/\/store.boccas.biz\/#logo\",\"inLanguage\":\"pt-PT\",\"url\":\"https:\/\/store.boccas.biz\/wp-content\/uploads\/2018\/10\/Boccas_Icon_512.png\",\"contentUrl\":\"https:\/\/store.boccas.biz\/wp-content\/uploads\/2018\/10\/Boccas_Icon_512.png\",\"width\":512,\"height\":512,\"caption\":\"Boccas\"},\"image\":{\"@id\":\"https:\/\/store.boccas.biz\/#logo\"}},{\"@type\":\"WebSite\",\"@id\":\"https:\/\/store.boccas.biz\/#website\",\"url\":\"https:\/\/store.boccas.biz\/\",\"name\":\"Boccas\",\"description\":\"Online Store\",\"publisher\":{\"@id\":\"https:\/\/store.boccas.biz\/#organization\"},\"potentialAction\":[{\"@type\":\"SearchAction\",\"target\":\"https:\/\/store.boccas.biz\/?s={search_term_string}\",\"query-input\":\"required name=search_term_string\"}],\"inLanguage\":\"pt-PT\"},{\"@type\":\"WebPage\",\"@id\":\"https:\/\/store.boccas.biz\/pt\/privacy-notice\/#webpage\",\"url\":\"https:\/\/store.boccas.biz\/pt\/privacy-notice\/\",\"name\":\"Privacy Notice | Boccas\",\"isPartOf\":{\"@id\":\"https:\/\/store.boccas.biz\/#website\"},\"datePublished\":\"2019-06-27T15:00:58+00:00\",\"dateModified\":\"2019-08-01T17:19:58+00:00\",\"breadcrumb\":{\"@id\":\"https:\/\/store.boccas.biz\/pt\/privacy-notice\/#breadcrumb\"},\"inLanguage\":\"pt-PT\",\"potentialAction\":[{\"@type\":\"ReadAction\",\"target\":[\"https:\/\/store.boccas.biz\/pt\/privacy-notice\/\"]}]},{\"@type\":\"BreadcrumbList\",\"@id\":\"https:\/\/store.boccas.biz\/pt\/privacy-notice\/#breadcrumb\",\"itemListElement\":[{\"@type\":\"ListItem\",\"position\":1,\"item\":{\"@type\":\"WebPage\",\"@id\":\"https:\/\/store.boccas.biz\/\",\"url\":\"https:\/\/store.boccas.biz\/\",\"name\":\"Home\"}},{\"@type\":\"ListItem\",\"position\":2,\"item\":{\"@id\":\"https:\/\/store.boccas.biz\/pt\/privacy-notice\/#webpage\"}}]}]}<\/script>\n<!-- \/ Yoast SEO plugin. -->","_links":{"self":[{"href":"https:\/\/store.boccas.biz\/pt\/wp-json\/wp\/v2\/pages\/3"}],"collection":[{"href":"https:\/\/store.boccas.biz\/pt\/wp-json\/wp\/v2\/pages"}],"about":[{"href":"https:\/\/store.boccas.biz\/pt\/wp-json\/wp\/v2\/types\/page"}],"author":[{"embeddable":true,"href":"https:\/\/store.boccas.biz\/pt\/wp-json\/wp\/v2\/users\/1"}],"replies":[{"embeddable":true,"href":"https:\/\/store.boccas.biz\/pt\/wp-json\/wp\/v2\/comments?post=3"}],"version-history":[{"count":0,"href":"https:\/\/store.boccas.biz\/pt\/wp-json\/wp\/v2\/pages\/3\/revisions"}],"wp:attachment":[{"href":"https:\/\/store.boccas.biz\/pt\/wp-json\/wp\/v2\/media?parent=3"}],"curies":[{"name":"wp","href":"https:\/\/api.w.org\/{rel}","templated":true}]}}