{"id":3249,"date":"2019-04-19T18:19:07","date_gmt":"2019-04-19T18:19:07","guid":{"rendered":"https:\/\/store.boccas.biz\/?page_id=3249"},"modified":"2022-01-25T11:54:22","modified_gmt":"2022-01-25T11:54:22","slug":"ficha-de-projeto-norte-2020","status":"publish","type":"page","link":"https:\/\/store.boccas.biz\/pt\/ficha-de-projeto-norte-2020\/","title":{"rendered":"Ficha de Projeto &#8211; Norte 2020"},"content":{"rendered":"<div style=\"\"class=\"normal_height vc_row wpb_row vc_row-fluid vc_custom_1555780425740\"><div class=\"wpb_column vc_column_container vc_col-sm-12\"><div class=\"vc_column-inner\"><div class=\"wpb_wrapper\">\n\t<div class=\"wpb_text_column wpb_content_element  vc_custom_1555780436960\" >\n\t\t<div class=\"wpb_wrapper\">\n\t\t\t<h2 style=\"text-align: center;\">Ficha de Projeto &#8211; Norte 2020<\/h2>\n<h4 style=\"text-align: center;\">Detalhes e informa\u00e7\u00e3o acerca do programa operacional regional do norte.<\/h4>\n\n\t\t<\/div>\n\t<\/div>\n\n\t<div  class=\"wpb_single_image wpb_content_element vc_align_center  vc_custom_1555780445235\">\n\t\t\n\t\t<figure class=\"wpb_wrapper vc_figure\">\n\t\t\t<div class=\"vc_single_image-wrapper   vc_box_border_grey\"><img loading=\"lazy\" decoding=\"async\" width=\"800\" height=\"80\" src=\"https:\/\/store.boccas.biz\/wp-content\/uploads\/2019\/04\/barra_2020_800.png\" class=\"vc_single_image-img attachment-full\" alt=\"\" srcset=\"https:\/\/store.boccas.biz\/wp-content\/uploads\/2019\/04\/barra_2020_800.png 800w, https:\/\/store.boccas.biz\/wp-content\/uploads\/2019\/04\/barra_2020_800-300x30.png 300w, https:\/\/store.boccas.biz\/wp-content\/uploads\/2019\/04\/barra_2020_800-768x77.png 768w, https:\/\/store.boccas.biz\/wp-content\/uploads\/2019\/04\/barra_2020_800-600x60.png 600w\" sizes=\"auto, (max-width: 800px) 100vw, 800px\" \/><\/div>\n\t\t<\/figure>\n\t<\/div>\n\n\t<div class=\"wpb_text_column wpb_content_element  vc_custom_1643111658205\" >\n\t\t<div class=\"wpb_wrapper\">\n\t\t\t<div class=\"gdlr-item gdlr-content-item\">\n<section class=\"av_textblock_section\">\n<div class=\"avia_textblock\">\n<p><strong>Designa\u00e7\u00e3o do projeto\u00a0|\u00a0<\/strong> PROJETOS INDIVIDUAIS \u2013 Internacionaliza\u00e7\u00e3o<\/p>\n<p><strong>C\u00f3digo do projeto |\u00a0<\/strong>NORTE-02-0752-FEDER-025608<\/p>\n<p><strong>C\u00f3digo do projeto |\u00a0<\/strong>NORTE-06-3560-FSE-025608<\/p>\n<p><strong>Objetivo principal |\u00a0<\/strong>OT 3 \u2013 Refor\u00e7ar a competitividade das PME<\/p>\n<p><strong>Regi\u00e3o de interven\u00e7\u00e3o |\u00a0<\/strong>Norte<\/p>\n<\/div>\n<\/section>\n<p>&nbsp;<\/p>\n<section class=\"av_textblock_section\">\n<div class=\"avia_textblock\">\n<p><strong>Entidade benefici\u00e1ria | <\/strong>BoccasBalls Unipessoal, Lda.<\/p>\n<p><strong>Data de aprova\u00e7\u00e3o |<\/strong> 17-07-2017<\/p>\n<p><strong>Data de in\u00edcio |<\/strong> 17-07-2017<\/p>\n<p><strong>Data de conclus\u00e3o |<\/strong> 16-01-2020<\/p>\n<p><strong>Custo total eleg\u00edvel | <\/strong>99.832,07 EUR<\/p>\n<p><strong>Apoio financeiro da Uni\u00e3o Europeia |<\/strong> FEDER \u2013 37.336,50 EUR<\/p>\n<p><strong>Apoio financeiro da Uni\u00e3o Europeia |<\/strong> FSE \u2013 11.803,45 EUR<\/p>\n<\/div>\n<\/section>\n<p>&nbsp;<\/p>\n<section class=\"av_textblock_section\">\n<div class=\"avia_textblock\">\n<p><b>Objetivos, atividades e resultados esperados\/atingidos<\/b><\/p>\n<p>A BoccasBalls Unipessoal, Lda. foi fundada em 2002, desenvolvendo a sua actividade na produ\u00e7\u00e3o de produtos e equipamento para atletas profissionais de Boccia.<\/p>\n<p>O presente projeto tem como objetivo fundamental promover a internacionaliza\u00e7\u00e3o da empresa suportada na inova\u00e7\u00e3o e no marketing, consolidando assim a sua presen\u00e7a direta e indireta em mercados estrangeiros.<\/p>\n<p>Para alcan\u00e7ar os objetivos estrat\u00e9gicos do projeto, a empresa prev\u00ea desenvolver um plano de a\u00e7\u00f5es, refletido, sobretudo, no aumento substancial do volume de neg\u00f3cios e da margem bruta.<\/p>\n<\/div>\n<\/section>\n<\/div>\n\n\t\t<\/div>\n\t<\/div>\n<div class=\"wpb_gallery wpb_content_element vc_clearfix vc_custom_1555780472294\" ><div class=\"wpb_wrapper\"><div class=\"wpb_gallery_slides wpb_image_grid\" data-interval=\"3\"><ul class=\"wpb_image_grid_ul\"><li class=\"isotope-item\"><img loading=\"lazy\" decoding=\"async\" class=\"\" src=\"https:\/\/store.boccas.biz\/wp-content\/uploads\/2018\/11\/BoccasLondon_Soft_02-360x173.jpg\" width=\"360\" height=\"173\" alt=\"Boccas Soft London\" title=\"Boccas Soft Londres\" \/><\/li><li class=\"isotope-item\"><img loading=\"lazy\" decoding=\"async\" class=\"\" src=\"https:\/\/store.boccas.biz\/wp-content\/uploads\/2018\/11\/BoccasLondon_SuperSoft_05-360x173.jpg\" width=\"360\" height=\"173\" alt=\"Boccas Super Soft London\" title=\"Boccas Super Soft Londres\" \/><\/li><li class=\"isotope-item\"><img loading=\"lazy\" decoding=\"async\" class=\"\" src=\"https:\/\/store.boccas.biz\/wp-content\/uploads\/2018\/11\/BoccasBox_02-360x173.jpg\" width=\"360\" height=\"173\" alt=\"Boccas Box\" title=\"Caixa Boccas\" \/><\/li><\/ul><\/div><\/div><\/div><\/div><\/div><\/div><\/div>","protected":false},"excerpt":{"rendered":"Ficha de Projeto - Norte 2020 Detalhes e informa\u00e7\u00e3o acerca do programa operacional regional do norte. Designa\u00e7\u00e3o do projeto\u00a0|\u00a0 PROJETOS INDIVIDUAIS \u2013 Internacionaliza\u00e7\u00e3o C\u00f3digo do projeto |\u00a0NORTE-02-0752-FEDER-025608 C\u00f3digo do projeto |\u00a0NORTE-06-3560-FSE-025608 Objetivo principal |\u00a0OT 3 \u2013 Refor\u00e7ar a competitividade das PME Regi\u00e3o de interven\u00e7\u00e3o |\u00a0Norte &nbsp; Entidade benefici\u00e1ria | BoccasBalls Unipessoal, Lda. Data de aprova\u00e7\u00e3o [...]","protected":false},"author":1,"featured_media":0,"parent":0,"menu_order":0,"comment_status":"closed","ping_status":"closed","template":"","meta":{"footnotes":""},"class_list":["post-3249","page","type-page","status-publish","hentry"],"yoast_head":"<!-- This site is optimized with the Yoast SEO plugin v27.4 - https:\/\/yoast.com\/product\/yoast-seo-wordpress\/ -->\n<title>Ficha de Projeto - Norte 2020 | Boccas<\/title>\n<meta name=\"robots\" content=\"index, follow, max-snippet:-1, max-image-preview:large, max-video-preview:-1\" \/>\n<link rel=\"canonical\" href=\"https:\/\/store.boccas.biz\/pt\/ficha-de-projeto-norte-2020\/\" \/>\n<meta property=\"og:locale\" content=\"pt_PT\" \/>\n<meta property=\"og:type\" content=\"article\" \/>\n<meta property=\"og:title\" content=\"Ficha de Projeto - Norte 2020 | Boccas\" \/>\n<meta property=\"og:url\" content=\"https:\/\/store.boccas.biz\/pt\/ficha-de-projeto-norte-2020\/\" \/>\n<meta property=\"og:site_name\" content=\"Boccas\" \/>\n<meta property=\"article:publisher\" content=\"https:\/\/pt-pt.facebook.com\/Boccas-850820878274686\/\" \/>\n<meta property=\"article:modified_time\" content=\"2022-01-25T11:54:22+00:00\" \/>\n<meta name=\"twitter:card\" content=\"summary_large_image\" \/>\n<meta name=\"twitter:label1\" content=\"Tempo estimado de leitura\" \/>\n\t<meta name=\"twitter:data1\" content=\"1 minuto\" \/>\n<script type=\"application\/ld+json\" class=\"yoast-schema-graph\">{\"@context\":\"https:\\\/\\\/schema.org\",\"@graph\":[{\"@type\":\"WebPage\",\"@id\":\"https:\\\/\\\/store.boccas.biz\\\/ficha-de-projeto-norte-2020\\\/\",\"url\":\"https:\\\/\\\/store.boccas.biz\\\/ficha-de-projeto-norte-2020\\\/\",\"name\":\"Ficha de Projeto - Norte 2020 | Boccas\",\"isPartOf\":{\"@id\":\"https:\\\/\\\/store.boccas.biz\\\/#website\"},\"datePublished\":\"2019-04-19T18:19:07+00:00\",\"dateModified\":\"2022-01-25T11:54:22+00:00\",\"breadcrumb\":{\"@id\":\"https:\\\/\\\/store.boccas.biz\\\/ficha-de-projeto-norte-2020\\\/#breadcrumb\"},\"inLanguage\":\"pt-PT\",\"potentialAction\":[{\"@type\":\"ReadAction\",\"target\":[\"https:\\\/\\\/store.boccas.biz\\\/ficha-de-projeto-norte-2020\\\/\"]}]},{\"@type\":\"BreadcrumbList\",\"@id\":\"https:\\\/\\\/store.boccas.biz\\\/ficha-de-projeto-norte-2020\\\/#breadcrumb\",\"itemListElement\":[{\"@type\":\"ListItem\",\"position\":1,\"name\":\"Home\",\"item\":\"https:\\\/\\\/store.boccas.biz\\\/\"},{\"@type\":\"ListItem\",\"position\":2,\"name\":\"Ficha de Projeto &#8211; Norte 2020\"}]},{\"@type\":\"WebSite\",\"@id\":\"https:\\\/\\\/store.boccas.biz\\\/#website\",\"url\":\"https:\\\/\\\/store.boccas.biz\\\/\",\"name\":\"Boccas\",\"description\":\"Online Store\",\"publisher\":{\"@id\":\"https:\\\/\\\/store.boccas.biz\\\/#organization\"},\"potentialAction\":[{\"@type\":\"SearchAction\",\"target\":{\"@type\":\"EntryPoint\",\"urlTemplate\":\"https:\\\/\\\/store.boccas.biz\\\/?s={search_term_string}\"},\"query-input\":{\"@type\":\"PropertyValueSpecification\",\"valueRequired\":true,\"valueName\":\"search_term_string\"}}],\"inLanguage\":\"pt-PT\"},{\"@type\":\"Organization\",\"@id\":\"https:\\\/\\\/store.boccas.biz\\\/#organization\",\"name\":\"Boccas\",\"url\":\"https:\\\/\\\/store.boccas.biz\\\/\",\"logo\":{\"@type\":\"ImageObject\",\"inLanguage\":\"pt-PT\",\"@id\":\"https:\\\/\\\/store.boccas.biz\\\/#\\\/schema\\\/logo\\\/image\\\/\",\"url\":\"https:\\\/\\\/store.boccas.biz\\\/wp-content\\\/uploads\\\/2018\\\/10\\\/Boccas_Icon_512.png\",\"contentUrl\":\"https:\\\/\\\/store.boccas.biz\\\/wp-content\\\/uploads\\\/2018\\\/10\\\/Boccas_Icon_512.png\",\"width\":512,\"height\":512,\"caption\":\"Boccas\"},\"image\":{\"@id\":\"https:\\\/\\\/store.boccas.biz\\\/#\\\/schema\\\/logo\\\/image\\\/\"},\"sameAs\":[\"https:\\\/\\\/pt-pt.facebook.com\\\/Boccas-850820878274686\\\/\",\"https:\\\/\\\/www.instagram.com\\\/boccasballs\\\/\",\"https:\\\/\\\/www.youtube.com\\\/channel\\\/UCO2Nsi2uu73QVljANP75NZg\\\/\"]}]}<\/script>\n<!-- \/ Yoast SEO plugin. -->","yoast_head_json":{"title":"Ficha de Projeto - Norte 2020 | Boccas","robots":{"index":"index","follow":"follow","max-snippet":"max-snippet:-1","max-image-preview":"max-image-preview:large","max-video-preview":"max-video-preview:-1"},"canonical":"https:\/\/store.boccas.biz\/pt\/ficha-de-projeto-norte-2020\/","og_locale":"pt_PT","og_type":"article","og_title":"Ficha de Projeto - Norte 2020 | Boccas","og_url":"https:\/\/store.boccas.biz\/pt\/ficha-de-projeto-norte-2020\/","og_site_name":"Boccas","article_publisher":"https:\/\/pt-pt.facebook.com\/Boccas-850820878274686\/","article_modified_time":"2022-01-25T11:54:22+00:00","twitter_card":"summary_large_image","twitter_misc":{"Tempo estimado de leitura":"1 minuto"},"schema":{"@context":"https:\/\/schema.org","@graph":[{"@type":"WebPage","@id":"https:\/\/store.boccas.biz\/ficha-de-projeto-norte-2020\/","url":"https:\/\/store.boccas.biz\/ficha-de-projeto-norte-2020\/","name":"Ficha de Projeto - Norte 2020 | Boccas","isPartOf":{"@id":"https:\/\/store.boccas.biz\/#website"},"datePublished":"2019-04-19T18:19:07+00:00","dateModified":"2022-01-25T11:54:22+00:00","breadcrumb":{"@id":"https:\/\/store.boccas.biz\/ficha-de-projeto-norte-2020\/#breadcrumb"},"inLanguage":"pt-PT","potentialAction":[{"@type":"ReadAction","target":["https:\/\/store.boccas.biz\/ficha-de-projeto-norte-2020\/"]}]},{"@type":"BreadcrumbList","@id":"https:\/\/store.boccas.biz\/ficha-de-projeto-norte-2020\/#breadcrumb","itemListElement":[{"@type":"ListItem","position":1,"name":"Home","item":"https:\/\/store.boccas.biz\/"},{"@type":"ListItem","position":2,"name":"Ficha de Projeto &#8211; Norte 2020"}]},{"@type":"WebSite","@id":"https:\/\/store.boccas.biz\/#website","url":"https:\/\/store.boccas.biz\/","name":"Boccas","description":"Loja Online","publisher":{"@id":"https:\/\/store.boccas.biz\/#organization"},"potentialAction":[{"@type":"SearchAction","target":{"@type":"EntryPoint","urlTemplate":"https:\/\/store.boccas.biz\/?s={search_term_string}"},"query-input":{"@type":"PropertyValueSpecification","valueRequired":true,"valueName":"search_term_string"}}],"inLanguage":"pt-PT"},{"@type":"Organization","@id":"https:\/\/store.boccas.biz\/#organization","name":"Boccas","url":"https:\/\/store.boccas.biz\/","logo":{"@type":"ImageObject","inLanguage":"pt-PT","@id":"https:\/\/store.boccas.biz\/#\/schema\/logo\/image\/","url":"https:\/\/store.boccas.biz\/wp-content\/uploads\/2018\/10\/Boccas_Icon_512.png","contentUrl":"https:\/\/store.boccas.biz\/wp-content\/uploads\/2018\/10\/Boccas_Icon_512.png","width":512,"height":512,"caption":"Boccas"},"image":{"@id":"https:\/\/store.boccas.biz\/#\/schema\/logo\/image\/"},"sameAs":["https:\/\/pt-pt.facebook.com\/Boccas-850820878274686\/","https:\/\/www.instagram.com\/boccasballs\/","https:\/\/www.youtube.com\/channel\/UCO2Nsi2uu73QVljANP75NZg\/"]}]}},"jetpack_sharing_enabled":true,"_links":{"self":[{"href":"https:\/\/store.boccas.biz\/pt\/wp-json\/wp\/v2\/pages\/3249","targetHints":{"allow":["GET"]}}],"collection":[{"href":"https:\/\/store.boccas.biz\/pt\/wp-json\/wp\/v2\/pages"}],"about":[{"href":"https:\/\/store.boccas.biz\/pt\/wp-json\/wp\/v2\/types\/page"}],"author":[{"embeddable":true,"href":"https:\/\/store.boccas.biz\/pt\/wp-json\/wp\/v2\/users\/1"}],"replies":[{"embeddable":true,"href":"https:\/\/store.boccas.biz\/pt\/wp-json\/wp\/v2\/comments?post=3249"}],"version-history":[{"count":1,"href":"https:\/\/store.boccas.biz\/pt\/wp-json\/wp\/v2\/pages\/3249\/revisions"}],"predecessor-version":[{"id":3564,"href":"https:\/\/store.boccas.biz\/pt\/wp-json\/wp\/v2\/pages\/3249\/revisions\/3564"}],"wp:attachment":[{"href":"https:\/\/store.boccas.biz\/pt\/wp-json\/wp\/v2\/media?parent=3249"}],"curies":[{"name":"wp","href":"https:\/\/api.w.org\/{rel}","templated":true}]}}