{"id":3316,"date":"2019-06-27T22:22:25","date_gmt":"2019-06-27T22:22:25","guid":{"rendered":"https:\/\/store.boccas.biz\/?page_id=3316"},"modified":"2019-06-27T22:22:25","modified_gmt":"2019-06-27T22:22:25","slug":"cookie-policy","status":"publish","type":"page","link":"https:\/\/store.boccas.biz\/pt\/cookie-policy\/","title":{"rendered":"Pol\u00edtica de Cookies"},"content":{"rendered":"<p><main class=\"template-page content  av-content-small alpha units\" role=\"main\"><\/p>\n<div class=\"post-entry post-entry-type-page post-entry-1059\">\n<div class=\"entry-content-wrapper clearfix\">\n<div class=\"flex_column av_one_full  flex_column_div av-zero-column-padding first  avia-builder-el-0  avia-builder-el-no-sibling\">\n<div class=\"av-special-heading av-special-heading-h1  blockquote modern-quote modern-centered  avia-builder-el-1  el_before_av_hr  avia-builder-el-first\">\n<h1><\/h1>\n<h1 class=\"av-special-heading-tag\" style=\"text-align: center;\">Pol\u00edtica de Cookies<\/h1>\n<div class=\"av-subheading av-subheading_below\">\n<p style=\"text-align: center;\">Detalhes sobre como utilizamos cookies para melhorar a sua experi\u00eancia.<\/p>\n<p>&nbsp;<\/p>\n<\/div>\n<\/div>\n<div class=\"hr hr-default   avia-builder-el-2  el_after_av_heading  el_before_av_textblock\"><\/div>\n<section class=\"av_textblock_section\">\n<div class=\"avia_textblock\">\n<ol>\n<li>\n<h5>Boccas Store: Pol\u00edtica de Cookies<\/h5>\n<p>A Boccasballs e os seus afiliados respeitam a sua privacidade e almejamos mant\u00ea-lo informado sobre como recolhemos e utilizamos a sua informa\u00e7\u00e3o. Esta Pol\u00edtica de Cookies procura inform\u00e1-lo acerca dos cookies e tecnologias similares que utilizamos e porque \u00e9 que as usamos. Tamb\u00e9m deve ler o <a href=\"https:\/\/store.boccas.biz\/pt\/privacy-notice\/\">Aviso de Privacidade<\/a> para saber mais sobre o que fazemos com a informa\u00e7\u00e3o que recolhemos neste website.<\/p>\n<p>Quaisquer altera\u00e7\u00f5es a esta Pol\u00edtica ser\u00e3o colocadas aqui. N\u00f3s reservamos o direito de efectuar altera\u00e7\u00f5es a esta Pol\u00edtica e as mudan\u00e7as ser\u00e3o consideradas efectivas a partir do momento em que aqui forem colocadas. O uso cont\u00ednuo deste website constitui a sua concord\u00e2ncia com as mesmas altera\u00e7\u00f5es.<\/p>\n<p>Se n\u00e3o aceita a utiliza\u00e7\u00e3o de cookies, por favor n\u00e3o continue a utilizar o website.<\/li>\n<li>\n<h5>Sobre os Cookies<\/h5>\n<p>Como muitas empresas, n\u00f3s utilizamos \"cookies\" neste website. Os Cookies s\u00e3o ficheiros de texto que cont\u00eam pequenas quantidades de informa\u00e7\u00e3o que poder\u00e3o ser colocadas no seu navegador quando visita certos websites. A Boccasballs usa cookies para melhorar a sua experi\u00eancia no nosso website. S\u00f3 utilizamos cookies para providenciar os servi\u00e7os espec\u00edficos que requisita, para memorizar as suas prefer\u00eancias e para melhorar e actualizar o nosso website. Por exemplo, n\u00f3s utilizamos cookies para memorizar as suas prefer\u00eancias, preservar os conte\u00fados do seu carrinho de compras virtual entre visitas e para permitir uma navega\u00e7\u00e3o mais eficiente nas nossas p\u00e1ginas. Tamb\u00e9m utilizamos cookies para medir a actividade no nosso website e determinar quais as \u00e1reas e fun\u00e7\u00f5es do nosso website que s\u00e3o mais populares.<\/p>\n<p>Os websites utilizam v\u00e1rios tipos de cookies para diferentes fun\u00e7\u00f5es. Dependendo da fun\u00e7\u00e3o que t\u00eam que alcan\u00e7ar, os cookies podem ser tempor\u00e1rios; ficam no seu dispositivo apenas durante a sua sess\u00e3o de navega\u00e7\u00e3o (<strong>cookies de sess\u00e3o<\/strong>) ou permanentemente colocados na mem\u00f3ria do seu dispositivo (<strong>cookies persistentes<\/strong>) para memorizar as suas prefer\u00eancias. Os cookies poder\u00e3o ser colocados por operadores do website que est\u00e1 a visitar ou por operadores que colocam cookies atrav\u00e9s desse website (<strong>cookies por terceiros<\/strong>). Como tal, qualquer cookie que utilizemos encontra-se nas seguintes categorias:<\/li>\n<li>\n<h5>Cookies Estritamente Necess\u00e1rios<\/h5>\n<p>Estes cookies s\u00e3o essenciais para assegurar o seu movimento nas p\u00e1ginas deste website e para a sua utiliza\u00e7\u00e3o das fun\u00e7\u00f5es deste website. Por exemplo, sem estes cookies n\u00e3o lhe seria poss\u00edvel utilizar o carrinho de compras, pagar os produtos, ou aceder seguramente a determinadas \u00e1reas do website. A Boccasballs utiliza estes cookies para disponibilizar os servi\u00e7os no nosso website que requisitou especificamente. Em geral, estes cookies s\u00f3 permanecer\u00e3o no seu navegador durante a sess\u00e3o de navega\u00e7\u00e3o e assim que fechar o seu navegador, os cookies ser\u00e3o removidos. Esta categoria de cookies n\u00e3o deve ser desactivada. Se utiliza as defini\u00e7\u00f5es do seu navegador para bloquear os cookies estritamente necess\u00e1rios, n\u00e3o podemos garantir a sua seguran\u00e7a ou prever como o nosso website se ir\u00e1 comportar durante a sua visita.<\/p>\n<p>Exemplos: lastThemeSourceId; Browser_id}; JSESSIONID; etc.<\/li>\n<li>\n<h5>Cookies de Desempenho<\/h5>\n<p>Estes cookies recolhem informa\u00e7\u00e3o geral sobre como o nosso website \u00e9 utilizado de formar a criar relat\u00f3rios de utiliza\u00e7\u00e3o que nos permitem melhorar a experi\u00eancia do utilizador e a qualidade do nosso website e servi\u00e7o. Esta an\u00e1lise \u00e9 realizada por outros operadores, logo estes cookies s\u00e3o considerados como cookies por terceiros. Especificamente, utilizamos o Google Analytics para medir a efici\u00eancia das nossas campanhas publicit\u00e1rias e determinar como \u00e9 que os visitantes utilizam este website. Estes cookies recolhem uma localiza\u00e7\u00e3o agregada do utilizador e informa\u00e7\u00e3o acerca do endere\u00e7o de IP. Estes cookies s\u00e3o frequentemente colocados na mem\u00f3ria do seu navegador, a n\u00e3o ser que escolha remov\u00ea-los.<\/p>\n<p>Exemplos:_utmb; _utmc; _utma; _utmz; etc.<\/li>\n<li>\n<h5>Cookies de Funcionalidade<\/h5>\n<p>Estes cookies permitem-nos oferecer uma experi\u00eancia de navega\u00e7\u00e3o customizada. Estes cookies capturam informa\u00e7\u00f5es tais como as p\u00e1ginas que visitou ou produtos que visualizou, de forma a podermos providenci\u00e1-lo com uma \u00f3ptima experi\u00eancia de compra. Os cookies de funcionalidade permitem aos websites memorizar as escolhas e prefer\u00eancias dos visitantes. Isto significa que um website pode automaticamente tomar decis\u00f5es tais como a l\u00edngua do website, a localiza\u00e7\u00e3o, o tamanho do texto, memorizar nomes de utilizador e providenciar fun\u00e7\u00f5es que um visitante requisite, tais como visionar v\u00eddeos e publicar coment\u00e1rios. A informa\u00e7\u00e3o recolhida por estes cookies de funcionalidade poder\u00e1 ser an\u00f3nima e n\u00e3o estar\u00e1 ligada a informa\u00e7\u00e3o sobre o uso de outros websites.<\/p>\n<p>Exemplos: Rvdata; Mbox; __g_u; __g_c ASP.NET_SessionId; _data; etc.<\/li>\n<li>\n<h5>Cookies Publicit\u00e1rios e Cookies Publicit\u00e1rios de Terceiros<\/h5>\n<p>A publicidade que poder\u00e1 ver no nosso website \u00e9 disponibilizada por um terceiro contratado por n\u00f3s. A publicidade pode ser gen\u00e9rica ao website ou pode estar talhada para disponibilizar publicidade na qual poder\u00e1 estar interessado, baseando-se em cookies publicit\u00e1rios. Estes cookies poder\u00e3o conter informa\u00e7\u00e3o sobre outros websites visitados pelo seu navegador e dispositivo, mas n\u00e3o informa\u00e7\u00e3o pessoal sobre si.<\/p>\n<p>Poder\u00e1 ver determinados an\u00fancios noutros websites porque participamos em redes publicit\u00e1rias. As redes publicit\u00e1rias permitem-nos aperfei\u00e7oar a nossa mensagem a utilizadores atrav\u00e9s da, demografia, interesses e meios contextuais. Estas redes observam as suas actividades online ao longo do tempo recolhendo informa\u00e7\u00e3o de forma autom\u00e1tica, incluindo atrav\u00e9s da utiliza\u00e7\u00e3o de cookies, registos de servidores web e web beacons. Estas redes utilizam esta informa\u00e7\u00e3o para lhe mostrar an\u00fancios que poder\u00e3o estar talhados aos seus interesses individuais. As informa\u00e7\u00f5es que as nossas redes publicit\u00e1rias recolhem, poder\u00e3o incluir informa\u00e7\u00f5es sobre as suas visitas a websites que participem nas redes publicit\u00e1rias relevantes, tais como p\u00e1ginas ou an\u00fancios que visione e as ac\u00e7\u00f5es que possa tomar nos websites. Esta recolha de dados \u00e9 exercida tanto no nosso website como em websites de terceiros que participam nas redes publicit\u00e1rias. Este processo tamb\u00e9m nos ajuda a controlar a efici\u00eancia das nossas campanhas de marketing.<\/li>\n<li>\n<h5>Como gerir os cookies atrav\u00e9s das defini\u00e7\u00f5es do seu navegador<\/h5>\n<p>Pode gerir os cookies atrav\u00e9s das defini\u00e7\u00f5es do seu navegador ou contactando as terceiras entidades abaixo. Se continuar a utilizar o nosso website sem alterar as suas defini\u00e7\u00f5es, ent\u00e3o consente a coloca\u00e7\u00e3o das categorias de cookies que list\u00e1mos acima no seu navegador. Se decidir mudar as suas defini\u00e7\u00f5es e desactivar os cookies, poder\u00e1 ser poss\u00edvel que n\u00e3o consiga tirar partido total de todas as funcionalidades do nosso website. Por exemplo, se desactivar os cookies estritamente necess\u00e1rios ou recusar esses cookies, n\u00e3o ser\u00e1 poss\u00edvel efectuar compras neste website.<\/p>\n<p>As seguintes liga\u00e7\u00f5es externas explicam como deve gerir os seus cookies nos navegadores mais comuns:<\/p>\n<p><a href=\"http:\/\/windows.microsoft.com\/en-gb\/internet-explorer\/delete-manage-cookies#ie=ie-11\">Defini\u00e7\u00f5es de Cookies no Internet Explorer<\/a><\/p>\n<p><a href=\"https:\/\/support.google.com\/accounts\/answer\/61416?hl=en\">Defini\u00e7\u00f5es de Cookies no Google Chrome<\/a><\/p>\n<p><a href=\"https:\/\/support.mozilla.org\/en-US\/kb\/enable-and-disable-cookies-website-preferences?redirectlocale=en-US&amp;redirectslug=Enabling+and+disabling+cookies\">Defini\u00e7\u00f5es de Cookies no Firefox<\/a><\/p>\n<p><a href=\"https:\/\/support.apple.com\/en-gb\/guide\/safari\/manage-cookies-and-website-data-sfri11471\/mac\">Defini\u00e7\u00f5es de Cookies no Safari<\/a><\/p>\n<p>Se tiver quest\u00f5es ou coment\u00e1rios acerca da Pol\u00edtica de Cookies ou sobre o nosso Aviso de Privacidade, por favor contacte-nos como indicado abaixo:<\/p>\n<p>Boccasballs<br \/>\n16, Praceta Jo\u00e3o Glama<br \/>\n4300-528<br \/>\nPorto<br \/>\nPortugal<\/p>\n<p>Email: <a href=\"mailto:boccas@gmail.com\">boccas@gmail.com<\/a><\/li>\n<\/ol>\n<p><em>\u00daltima Modifica\u00e7\u00e3o: 27 de Junho, 2019<\/em><\/p>\n<\/div>\n<\/section>\n<\/div>\n<\/div>\n<\/div>\n<p><\/main><\/p>","protected":false},"excerpt":{"rendered":"<p>Cookies Notice Details regarding how we use cookies to improve your experience. &nbsp; Boccas Store: Cookies Notice Boccasballs and its affiliates respect your privacy and we aim to keep you informed about how we gather and use your information. This Cookies Notice sets out what you need to know about the cookies and similar technologies [&hellip;]<\/p>","protected":false},"author":1,"featured_media":0,"parent":0,"menu_order":0,"comment_status":"closed","ping_status":"open","template":"","meta":{"spay_email":""},"yoast_head":"<!-- This site is optimized with the Yoast SEO plugin v16.2 - https:\/\/yoast.com\/wordpress\/plugins\/seo\/ -->\n<title>Cookie Policy | Boccas<\/title>\n<meta name=\"robots\" content=\"index, follow, max-snippet:-1, max-image-preview:large, max-video-preview:-1\" \/>\n<link rel=\"canonical\" href=\"https:\/\/store.boccas.biz\/pt\/cookie-policy\/\" \/>\n<meta property=\"og:locale\" content=\"pt_PT\" \/>\n<meta property=\"og:type\" content=\"article\" \/>\n<meta property=\"og:title\" content=\"Cookie Policy | Boccas\" \/>\n<meta property=\"og:description\" content=\"Cookies Notice Details regarding how we use cookies to improve your experience. &nbsp; Boccas Store: Cookies Notice Boccasballs and its affiliates respect your privacy and we aim to keep you informed about how we gather and use your information. This Cookies Notice sets out what you need to know about the cookies and similar technologies [&hellip;]\" \/>\n<meta property=\"og:url\" content=\"https:\/\/store.boccas.biz\/pt\/cookie-policy\/\" \/>\n<meta property=\"og:site_name\" content=\"Boccas\" \/>\n<meta property=\"article:publisher\" content=\"https:\/\/pt-pt.facebook.com\/Boccas-850820878274686\/\" \/>\n<meta name=\"twitter:card\" content=\"summary_large_image\" \/>\n<meta name=\"twitter:label1\" content=\"Tempo estimado de leitura\">\n\t<meta name=\"twitter:data1\" content=\"5 minutos\">\n<script type=\"application\/ld+json\" class=\"yoast-schema-graph\">{\"@context\":\"https:\/\/schema.org\",\"@graph\":[{\"@type\":\"Organization\",\"@id\":\"https:\/\/store.boccas.biz\/#organization\",\"name\":\"Boccas\",\"url\":\"https:\/\/store.boccas.biz\/\",\"sameAs\":[\"https:\/\/pt-pt.facebook.com\/Boccas-850820878274686\/\",\"https:\/\/www.instagram.com\/boccasballs\/\",\"https:\/\/www.youtube.com\/channel\/UCO2Nsi2uu73QVljANP75NZg\/\"],\"logo\":{\"@type\":\"ImageObject\",\"@id\":\"https:\/\/store.boccas.biz\/#logo\",\"inLanguage\":\"pt-PT\",\"url\":\"https:\/\/store.boccas.biz\/wp-content\/uploads\/2018\/10\/Boccas_Icon_512.png\",\"contentUrl\":\"https:\/\/store.boccas.biz\/wp-content\/uploads\/2018\/10\/Boccas_Icon_512.png\",\"width\":512,\"height\":512,\"caption\":\"Boccas\"},\"image\":{\"@id\":\"https:\/\/store.boccas.biz\/#logo\"}},{\"@type\":\"WebSite\",\"@id\":\"https:\/\/store.boccas.biz\/#website\",\"url\":\"https:\/\/store.boccas.biz\/\",\"name\":\"Boccas\",\"description\":\"Online Store\",\"publisher\":{\"@id\":\"https:\/\/store.boccas.biz\/#organization\"},\"potentialAction\":[{\"@type\":\"SearchAction\",\"target\":\"https:\/\/store.boccas.biz\/?s={search_term_string}\",\"query-input\":\"required name=search_term_string\"}],\"inLanguage\":\"pt-PT\"},{\"@type\":\"WebPage\",\"@id\":\"https:\/\/store.boccas.biz\/cookie-policy\/#webpage\",\"url\":\"https:\/\/store.boccas.biz\/cookie-policy\/\",\"name\":\"Cookie Policy | Boccas\",\"isPartOf\":{\"@id\":\"https:\/\/store.boccas.biz\/#website\"},\"datePublished\":\"2019-06-27T22:22:25+00:00\",\"dateModified\":\"2019-06-27T22:22:25+00:00\",\"breadcrumb\":{\"@id\":\"https:\/\/store.boccas.biz\/cookie-policy\/#breadcrumb\"},\"inLanguage\":\"pt-PT\",\"potentialAction\":[{\"@type\":\"ReadAction\",\"target\":[\"https:\/\/store.boccas.biz\/cookie-policy\/\"]}]},{\"@type\":\"BreadcrumbList\",\"@id\":\"https:\/\/store.boccas.biz\/cookie-policy\/#breadcrumb\",\"itemListElement\":[{\"@type\":\"ListItem\",\"position\":1,\"item\":{\"@type\":\"WebPage\",\"@id\":\"https:\/\/store.boccas.biz\/\",\"url\":\"https:\/\/store.boccas.biz\/\",\"name\":\"Home\"}},{\"@type\":\"ListItem\",\"position\":2,\"item\":{\"@id\":\"https:\/\/store.boccas.biz\/cookie-policy\/#webpage\"}}]}]}<\/script>\n<!-- \/ Yoast SEO plugin. -->","_links":{"self":[{"href":"https:\/\/store.boccas.biz\/pt\/wp-json\/wp\/v2\/pages\/3316"}],"collection":[{"href":"https:\/\/store.boccas.biz\/pt\/wp-json\/wp\/v2\/pages"}],"about":[{"href":"https:\/\/store.boccas.biz\/pt\/wp-json\/wp\/v2\/types\/page"}],"author":[{"embeddable":true,"href":"https:\/\/store.boccas.biz\/pt\/wp-json\/wp\/v2\/users\/1"}],"replies":[{"embeddable":true,"href":"https:\/\/store.boccas.biz\/pt\/wp-json\/wp\/v2\/comments?post=3316"}],"version-history":[{"count":0,"href":"https:\/\/store.boccas.biz\/pt\/wp-json\/wp\/v2\/pages\/3316\/revisions"}],"wp:attachment":[{"href":"https:\/\/store.boccas.biz\/pt\/wp-json\/wp\/v2\/media?parent=3316"}],"curies":[{"name":"wp","href":"https:\/\/api.w.org\/{rel}","templated":true}]}}