{"id":424,"date":"2017-01-10T14:33:29","date_gmt":"2017-01-10T14:33:29","guid":{"rendered":"http:\/\/import.getbowtied.com\/shopkeeper-replica\/?page_id=424"},"modified":"2019-06-28T17:02:08","modified_gmt":"2019-06-28T17:02:08","slug":"about","status":"publish","type":"page","link":"https:\/\/store.boccas.biz\/pt\/about\/","title":{"rendered":"Sobre"},"content":{"rendered":"<div style=\"\"class=\"adjust_cols_height vc_row wpb_row vc_row-fluid vc_row-o-full-height vc_row-o-columns-stretch vc_row-o-equal-height vc_row-o-equal-height vc_row-o-content-middle vc_row-flex\"><div class=\"wpb_column vc_column_container vc_col-sm-12 vc_col-lg-6 vc_col-md-6 vc_col-has-fill\"><div class=\"vc_column-inner vc_custom_1543512492344\"><div class=\"wpb_wrapper\"><div class=\"vc_empty_space\"   style=\"height: 350px\"><span class=\"vc_empty_space_inner\"><\/span><\/div><\/div><\/div><\/div><div class=\"wpb_column vc_column_container vc_col-sm-12 vc_col-lg-6 vc_col-md-6\"><div class=\"vc_column-inner vc_custom_1484433918406\"><div class=\"wpb_wrapper\">\n\t<div class=\"wpb_text_column wpb_content_element\" >\n\t\t<div class=\"wpb_wrapper\">\n\t\t\t<h1 class=\"page-title on-shop\" style=\"text-align: center;\">Boccas<br \/>\nBalls<\/h1>\n\n\t\t<\/div>\n\t<\/div>\n\n\t<div class=\"wpb_text_column wpb_content_element\" >\n\t\t<div class=\"wpb_wrapper\">\n\t\t\t<p style=\"text-align: center;\"><span style=\"color: #808080;\"> Equipamento de Boccia<\/span><\/p>\n\n\t\t<\/div>\n\t<\/div>\n<div class=\"vc_separator wpb_content_element vc_separator_align_center vc_sep_width_100 vc_sep_pos_align_center vc_separator_no_text vc_sep_color_grey\" ><span class=\"vc_sep_holder vc_sep_holder_l\"><span  class=\"vc_sep_line\"><\/span><\/span><span class=\"vc_sep_holder vc_sep_holder_r\"><span  class=\"vc_sep_line\"><\/span><\/span>\n<\/div><div class=\"row vc_row wpb_row vc_inner vc_row-fluid vc_custom_1443414812412\"><div class=\"wpb_column vc_column_container vc_col-sm-6\"><div class=\"vc_column-inner\"><div class=\"wpb_wrapper\">\n\t<div class=\"wpb_text_column wpb_content_element\" >\n\t\t<div class=\"wpb_wrapper\">\n\t\t\t<p>O Boccas \u00e9 uma empresa portuguesa fundada em 2002, com o intuito de promover e desenvolver a pr\u00e1tica do Boccia, por todo o mundo e a n\u00edvel nacional tamb\u00e9m. Estamos sempre a tentar melhorar os nossos produtos Boccia, de forma a aumentar a performance e satisfa\u00e7\u00e3o de todos os atletas.<\/p>\n\n\t\t<\/div>\n\t<\/div>\n<\/div><\/div><\/div><div class=\"wpb_column vc_column_container vc_col-sm-6\"><div class=\"vc_column-inner\"><div class=\"wpb_wrapper\">\n\t<div class=\"wpb_text_column wpb_content_element\" >\n\t\t<div class=\"wpb_wrapper\">\n\t\t\t<p style=\"text-align: left;\">Com este objectivo em mente, apresent\u00e1mos o nosso primeiro jogo de bolas para Boccia, o Boccas Hard P\u00f3voa 2002, no Open Mundial de Boccia de 2002, na P\u00f3voa de Varzim, Portugal. Este jogo teve um sucesso imediato na competi\u00e7\u00e3o, entre diferentes equipas e atletas, e como tal, come\u00e7\u00e1mos a vender os nossos jogos para todo o mundo.<\/p>\n\n\t\t<\/div>\n\t<\/div>\n<\/div><\/div><\/div><\/div><div class=\"vc_separator wpb_content_element vc_separator_align_center vc_sep_width_100 vc_sep_pos_align_center vc_separator_no_text vc_sep_color_grey\" ><span class=\"vc_sep_holder vc_sep_holder_l\"><span  class=\"vc_sep_line\"><\/span><\/span><span class=\"vc_sep_holder vc_sep_holder_r\"><span  class=\"vc_sep_line\"><\/span><\/span>\n<\/div><div class=\"row vc_row wpb_row vc_inner vc_row-fluid vc_custom_1412679223514\"><div class=\"wpb_column vc_column_container vc_col-sm-6\"><div class=\"vc_column-inner\"><div class=\"wpb_wrapper\">\n\t<div class=\"wpb_text_column wpb_content_element\" >\n\t\t<div class=\"wpb_wrapper\">\n\t\t\t<h6 style=\"text-align: left;\">QUEST\u00d5ES GERAIS<\/h6>\n<p style=\"text-align: left;\">Tel: (+351) 962 877 096<br \/>\nE-mail: <a href=\"mailto:boccas@gmail.com\">boccas@gmail.com<\/a><\/p>\n\n\t\t<\/div>\n\t<\/div>\n<\/div><\/div><\/div><div class=\"wpb_column vc_column_container vc_col-sm-6\"><div class=\"vc_column-inner\"><div class=\"wpb_wrapper\">\n\t<div class=\"wpb_text_column wpb_content_element\" >\n\t\t<div class=\"wpb_wrapper\">\n\t\t\t<h6 style=\"text-align: left;\"><strong>REDES SOCIAIS<br \/>\n<\/strong><\/h6>\n<div class=\"wpb_text_column wpb_content_element\">\n<div class=\"wpb_wrapper\">\n<p><a href=\"https:\/\/pt-pt.facebook.com\/Boccas-850820878274686\/\">P\u00e1gina de Facebook<\/a><br \/>\n<a href=\"https:\/\/www.youtube.com\/channel\/UCO2Nsi2uu73QVljANP75NZg\">Canal de Youtube<\/a><br \/>\n<a href=\"https:\/\/www.instagram.com\/boccasballs\/\">P\u00e1gina de Instagram<\/a><\/p>\n<\/div>\n<\/div>\n\n\t\t<\/div>\n\t<\/div>\n<\/div><\/div><\/div><\/div><\/div><\/div><\/div><\/div>","protected":false},"excerpt":{"rendered":"Boccas Balls Boccia Equipment Boccas is a portuguese company founded in 2002, with the purpose of promoting and developing the practice of Boccia, throughout the world and at a national level as well. We are always striving to improve Boccia products, so that we can increase the performance and satisfaction of all athletes. With this [...]","protected":false},"author":1,"featured_media":0,"parent":0,"menu_order":0,"comment_status":"closed","ping_status":"closed","template":"page-full-width.php","meta":{"footnotes":""},"class_list":["post-424","page","type-page","status-publish","hentry"],"yoast_head":"<!-- This site is optimized with the Yoast SEO plugin v27.4 - https:\/\/yoast.com\/product\/yoast-seo-wordpress\/ -->\n<title>About | Boccas<\/title>\n<meta name=\"robots\" content=\"index, follow, max-snippet:-1, max-image-preview:large, max-video-preview:-1\" \/>\n<link rel=\"canonical\" href=\"https:\/\/store.boccas.biz\/pt\/about\/\" \/>\n<meta property=\"og:locale\" content=\"pt_PT\" \/>\n<meta property=\"og:type\" content=\"article\" \/>\n<meta property=\"og:title\" content=\"About | Boccas\" \/>\n<meta property=\"og:url\" content=\"https:\/\/store.boccas.biz\/pt\/about\/\" \/>\n<meta property=\"og:site_name\" content=\"Boccas\" \/>\n<meta property=\"article:publisher\" content=\"https:\/\/pt-pt.facebook.com\/Boccas-850820878274686\/\" \/>\n<meta property=\"article:modified_time\" content=\"2019-06-28T17:02:08+00:00\" \/>\n<meta name=\"twitter:card\" content=\"summary_large_image\" \/>\n<meta name=\"twitter:label1\" content=\"Tempo estimado de leitura\" \/>\n\t<meta name=\"twitter:data1\" content=\"2 minutos\" \/>\n<script type=\"application\/ld+json\" class=\"yoast-schema-graph\">{\"@context\":\"https:\\\/\\\/schema.org\",\"@graph\":[{\"@type\":\"WebPage\",\"@id\":\"https:\\\/\\\/store.boccas.biz\\\/about\\\/\",\"url\":\"https:\\\/\\\/store.boccas.biz\\\/about\\\/\",\"name\":\"About | Boccas\",\"isPartOf\":{\"@id\":\"https:\\\/\\\/store.boccas.biz\\\/#website\"},\"datePublished\":\"2017-01-10T14:33:29+00:00\",\"dateModified\":\"2019-06-28T17:02:08+00:00\",\"breadcrumb\":{\"@id\":\"https:\\\/\\\/store.boccas.biz\\\/about\\\/#breadcrumb\"},\"inLanguage\":\"pt-PT\",\"potentialAction\":[{\"@type\":\"ReadAction\",\"target\":[\"https:\\\/\\\/store.boccas.biz\\\/about\\\/\"]}]},{\"@type\":\"BreadcrumbList\",\"@id\":\"https:\\\/\\\/store.boccas.biz\\\/about\\\/#breadcrumb\",\"itemListElement\":[{\"@type\":\"ListItem\",\"position\":1,\"name\":\"Home\",\"item\":\"https:\\\/\\\/store.boccas.biz\\\/\"},{\"@type\":\"ListItem\",\"position\":2,\"name\":\"About\"}]},{\"@type\":\"WebSite\",\"@id\":\"https:\\\/\\\/store.boccas.biz\\\/#website\",\"url\":\"https:\\\/\\\/store.boccas.biz\\\/\",\"name\":\"Boccas\",\"description\":\"Online Store\",\"publisher\":{\"@id\":\"https:\\\/\\\/store.boccas.biz\\\/#organization\"},\"potentialAction\":[{\"@type\":\"SearchAction\",\"target\":{\"@type\":\"EntryPoint\",\"urlTemplate\":\"https:\\\/\\\/store.boccas.biz\\\/?s={search_term_string}\"},\"query-input\":{\"@type\":\"PropertyValueSpecification\",\"valueRequired\":true,\"valueName\":\"search_term_string\"}}],\"inLanguage\":\"pt-PT\"},{\"@type\":\"Organization\",\"@id\":\"https:\\\/\\\/store.boccas.biz\\\/#organization\",\"name\":\"Boccas\",\"url\":\"https:\\\/\\\/store.boccas.biz\\\/\",\"logo\":{\"@type\":\"ImageObject\",\"inLanguage\":\"pt-PT\",\"@id\":\"https:\\\/\\\/store.boccas.biz\\\/#\\\/schema\\\/logo\\\/image\\\/\",\"url\":\"https:\\\/\\\/store.boccas.biz\\\/wp-content\\\/uploads\\\/2018\\\/10\\\/Boccas_Icon_512.png\",\"contentUrl\":\"https:\\\/\\\/store.boccas.biz\\\/wp-content\\\/uploads\\\/2018\\\/10\\\/Boccas_Icon_512.png\",\"width\":512,\"height\":512,\"caption\":\"Boccas\"},\"image\":{\"@id\":\"https:\\\/\\\/store.boccas.biz\\\/#\\\/schema\\\/logo\\\/image\\\/\"},\"sameAs\":[\"https:\\\/\\\/pt-pt.facebook.com\\\/Boccas-850820878274686\\\/\",\"https:\\\/\\\/www.instagram.com\\\/boccasballs\\\/\",\"https:\\\/\\\/www.youtube.com\\\/channel\\\/UCO2Nsi2uu73QVljANP75NZg\\\/\"]}]}<\/script>\n<!-- \/ Yoast SEO plugin. -->","yoast_head_json":{"title":"About | Boccas","robots":{"index":"index","follow":"follow","max-snippet":"max-snippet:-1","max-image-preview":"max-image-preview:large","max-video-preview":"max-video-preview:-1"},"canonical":"https:\/\/store.boccas.biz\/pt\/about\/","og_locale":"pt_PT","og_type":"article","og_title":"About | Boccas","og_url":"https:\/\/store.boccas.biz\/pt\/about\/","og_site_name":"Boccas","article_publisher":"https:\/\/pt-pt.facebook.com\/Boccas-850820878274686\/","article_modified_time":"2019-06-28T17:02:08+00:00","twitter_card":"summary_large_image","twitter_misc":{"Tempo estimado de leitura":"2 minutos"},"schema":{"@context":"https:\/\/schema.org","@graph":[{"@type":"WebPage","@id":"https:\/\/store.boccas.biz\/about\/","url":"https:\/\/store.boccas.biz\/about\/","name":"About | Boccas","isPartOf":{"@id":"https:\/\/store.boccas.biz\/#website"},"datePublished":"2017-01-10T14:33:29+00:00","dateModified":"2019-06-28T17:02:08+00:00","breadcrumb":{"@id":"https:\/\/store.boccas.biz\/about\/#breadcrumb"},"inLanguage":"pt-PT","potentialAction":[{"@type":"ReadAction","target":["https:\/\/store.boccas.biz\/about\/"]}]},{"@type":"BreadcrumbList","@id":"https:\/\/store.boccas.biz\/about\/#breadcrumb","itemListElement":[{"@type":"ListItem","position":1,"name":"Home","item":"https:\/\/store.boccas.biz\/"},{"@type":"ListItem","position":2,"name":"About"}]},{"@type":"WebSite","@id":"https:\/\/store.boccas.biz\/#website","url":"https:\/\/store.boccas.biz\/","name":"Boccas","description":"Loja Online","publisher":{"@id":"https:\/\/store.boccas.biz\/#organization"},"potentialAction":[{"@type":"SearchAction","target":{"@type":"EntryPoint","urlTemplate":"https:\/\/store.boccas.biz\/?s={search_term_string}"},"query-input":{"@type":"PropertyValueSpecification","valueRequired":true,"valueName":"search_term_string"}}],"inLanguage":"pt-PT"},{"@type":"Organization","@id":"https:\/\/store.boccas.biz\/#organization","name":"Boccas","url":"https:\/\/store.boccas.biz\/","logo":{"@type":"ImageObject","inLanguage":"pt-PT","@id":"https:\/\/store.boccas.biz\/#\/schema\/logo\/image\/","url":"https:\/\/store.boccas.biz\/wp-content\/uploads\/2018\/10\/Boccas_Icon_512.png","contentUrl":"https:\/\/store.boccas.biz\/wp-content\/uploads\/2018\/10\/Boccas_Icon_512.png","width":512,"height":512,"caption":"Boccas"},"image":{"@id":"https:\/\/store.boccas.biz\/#\/schema\/logo\/image\/"},"sameAs":["https:\/\/pt-pt.facebook.com\/Boccas-850820878274686\/","https:\/\/www.instagram.com\/boccasballs\/","https:\/\/www.youtube.com\/channel\/UCO2Nsi2uu73QVljANP75NZg\/"]}]}},"jetpack_sharing_enabled":true,"_links":{"self":[{"href":"https:\/\/store.boccas.biz\/pt\/wp-json\/wp\/v2\/pages\/424","targetHints":{"allow":["GET"]}}],"collection":[{"href":"https:\/\/store.boccas.biz\/pt\/wp-json\/wp\/v2\/pages"}],"about":[{"href":"https:\/\/store.boccas.biz\/pt\/wp-json\/wp\/v2\/types\/page"}],"author":[{"embeddable":true,"href":"https:\/\/store.boccas.biz\/pt\/wp-json\/wp\/v2\/users\/1"}],"replies":[{"embeddable":true,"href":"https:\/\/store.boccas.biz\/pt\/wp-json\/wp\/v2\/comments?post=424"}],"version-history":[{"count":0,"href":"https:\/\/store.boccas.biz\/pt\/wp-json\/wp\/v2\/pages\/424\/revisions"}],"wp:attachment":[{"href":"https:\/\/store.boccas.biz\/pt\/wp-json\/wp\/v2\/media?parent=424"}],"curies":[{"name":"wp","href":"https:\/\/api.w.org\/{rel}","templated":true}]}}