{"id":3113,"date":"2019-06-25T05:00:33","date_gmt":"2019-06-25T05:00:33","guid":{"rendered":"https:\/\/store.boccas.biz\/?post_type=product&#038;p=3113"},"modified":"2020-01-10T18:31:49","modified_gmt":"2020-01-10T18:31:49","slug":"boccas-referee-kit","status":"publish","type":"product","link":"https:\/\/store.boccas.biz\/pt\/produto\/boccas-referee-kit\/","title":{"rendered":"Kit de Arbitragem Boccas"},"content":{"rendered":"<div style=\"\"class=\"normal_height vc_row wpb_row vc_row-fluid\"><div class=\"wpb_column vc_column_container vc_col-sm-12\"><div class=\"vc_column-inner\"><div class=\"wpb_wrapper\">\n\t<div class=\"wpb_text_column wpb_content_element\" >\n\t\t<div class=\"wpb_wrapper\">\n\t\t\t<div class=\"content\">\n<div class=\"content\">\n<div class=\"content\">\n<div class=\"content\">\n<div class=\"content\">\n<div class=\"content\">\n<p>Este kit de arbitragem, \u00e9 perfeito para quem esteja agora a iniciar-se como \u00e1rbitro de Boccia.<\/p>\n<p>Vem com excelentes produtos, talhados para o desporto, e para o Boccia.<\/p>\n<p>Um compasso grande, uma paddle, com um lado vermelho e outro azul para assinalar jogadas e uma fita m\u00e9trica de 3m.<\/p>\n<p><strong>Notas: <\/strong><\/p>\n<ul>\n<li>Este kit de arbitragem inclui itens que podem ser comprados separadamente.<\/li>\n<li>Pode encontr\u00e1-los na sec\u00e7\u00e3o de produtos do nosso website.<\/li>\n<\/ul>\n<\/div>\n<\/div>\n<\/div>\n<\/div>\n<\/div>\n<\/div>\n\n\t\t<\/div>\n\t<\/div>\n<\/div><\/div><\/div><\/div>","protected":false},"excerpt":{"rendered":"<div class=\"content\">\n<div class=\"content\">\n<div class=\"content\">\n<div class=\"content\">\n<div class=\"content\">\n<p>Este kit de arbitragem, \u00e9 perfeito para quem esteja agora a iniciar-se como \u00e1rbitro de Boccia.<\/p>\n<p><strong>Inclui: <\/strong>1 Compasso, 1 Paddle, 1 Fita M\u00e9trica.<\/p>\n<\/div>\n<\/div>\n<\/div>\n<\/div>\n<\/div>","protected":false},"featured_media":3114,"template":"","meta":[],"product_brand":[],"product_cat":[78,69],"product_tag":[71,97],"class_list":{"0":"post-3113","1":"product","2":"type-product","3":"status-publish","4":"has-post-thumbnail","6":"product_cat-accessories","7":"product_cat-all","8":"product_tag-boccas","9":"product_tag-referee-kit","11":"first","12":"instock","13":"taxable","14":"shipping-taxable","15":"purchasable","16":"product-type-simple"},"yoast_head":"<!-- This site is optimized with the Yoast SEO plugin v27.4 - https:\/\/yoast.com\/product\/yoast-seo-wordpress\/ -->\n<title>Boccas Referee Kit | Boccas<\/title>\n<meta name=\"robots\" content=\"index, follow, max-snippet:-1, max-image-preview:large, max-video-preview:-1\" \/>\n<link rel=\"canonical\" href=\"https:\/\/store.boccas.biz\/pt\/produto\/boccas-referee-kit\/\" \/>\n<meta property=\"og:locale\" content=\"pt_PT\" \/>\n<meta property=\"og:type\" content=\"article\" \/>\n<meta property=\"og:title\" content=\"Boccas Referee Kit | Boccas\" \/>\n<meta property=\"og:description\" content=\"This refereeing kit is perfect for those who are just starting out as Boccia referees.  Includes: 1 Paddle, 1 Large Caliper, 1 Measuring Tape.\" \/>\n<meta property=\"og:url\" content=\"https:\/\/store.boccas.biz\/pt\/produto\/boccas-referee-kit\/\" \/>\n<meta property=\"og:site_name\" content=\"Boccas\" \/>\n<meta property=\"article:publisher\" content=\"https:\/\/pt-pt.facebook.com\/Boccas-850820878274686\/\" \/>\n<meta property=\"article:modified_time\" content=\"2020-01-10T18:31:49+00:00\" \/>\n<meta property=\"og:image\" content=\"https:\/\/store.boccas.biz\/wp-content\/uploads\/2018\/12\/BoccasRefereeKit_01.jpg\" \/>\n\t<meta property=\"og:image:width\" content=\"1920\" \/>\n\t<meta property=\"og:image:height\" content=\"1280\" \/>\n\t<meta property=\"og:image:type\" content=\"image\/jpeg\" \/>\n<meta name=\"twitter:card\" content=\"summary_large_image\" \/>\n<script type=\"application\/ld+json\" class=\"yoast-schema-graph\">{\"@context\":\"https:\\\/\\\/schema.org\",\"@graph\":[{\"@type\":\"WebPage\",\"@id\":\"https:\\\/\\\/store.boccas.biz\\\/pt\\\/produto\\\/boccas-referee-kit\\\/\",\"url\":\"https:\\\/\\\/store.boccas.biz\\\/pt\\\/produto\\\/boccas-referee-kit\\\/\",\"name\":\"Boccas Referee Kit | Boccas\",\"isPartOf\":{\"@id\":\"https:\\\/\\\/store.boccas.biz\\\/#website\"},\"primaryImageOfPage\":{\"@id\":\"https:\\\/\\\/store.boccas.biz\\\/pt\\\/produto\\\/boccas-referee-kit\\\/#primaryimage\"},\"image\":{\"@id\":\"https:\\\/\\\/store.boccas.biz\\\/pt\\\/produto\\\/boccas-referee-kit\\\/#primaryimage\"},\"thumbnailUrl\":\"https:\\\/\\\/store.boccas.biz\\\/wp-content\\\/uploads\\\/2018\\\/12\\\/BoccasRefereeKit_01.jpg\",\"datePublished\":\"2019-06-25T05:00:33+00:00\",\"dateModified\":\"2020-01-10T18:31:49+00:00\",\"breadcrumb\":{\"@id\":\"https:\\\/\\\/store.boccas.biz\\\/pt\\\/produto\\\/boccas-referee-kit\\\/#breadcrumb\"},\"inLanguage\":\"pt-PT\",\"potentialAction\":[{\"@type\":\"ReadAction\",\"target\":[\"https:\\\/\\\/store.boccas.biz\\\/pt\\\/produto\\\/boccas-referee-kit\\\/\"]}]},{\"@type\":\"ImageObject\",\"inLanguage\":\"pt-PT\",\"@id\":\"https:\\\/\\\/store.boccas.biz\\\/pt\\\/produto\\\/boccas-referee-kit\\\/#primaryimage\",\"url\":\"https:\\\/\\\/store.boccas.biz\\\/wp-content\\\/uploads\\\/2018\\\/12\\\/BoccasRefereeKit_01.jpg\",\"contentUrl\":\"https:\\\/\\\/store.boccas.biz\\\/wp-content\\\/uploads\\\/2018\\\/12\\\/BoccasRefereeKit_01.jpg\",\"width\":1920,\"height\":1280,\"caption\":\"Boccas Referee Kit\"},{\"@type\":\"BreadcrumbList\",\"@id\":\"https:\\\/\\\/store.boccas.biz\\\/pt\\\/produto\\\/boccas-referee-kit\\\/#breadcrumb\",\"itemListElement\":[{\"@type\":\"ListItem\",\"position\":1,\"name\":\"Home\",\"item\":\"https:\\\/\\\/store.boccas.biz\\\/\"},{\"@type\":\"ListItem\",\"position\":2,\"name\":\"The Shop\",\"item\":\"https:\\\/\\\/store.boccas.biz\\\/shop\\\/\"},{\"@type\":\"ListItem\",\"position\":3,\"name\":\"Boccas Referee Kit\"}]},{\"@type\":\"WebSite\",\"@id\":\"https:\\\/\\\/store.boccas.biz\\\/#website\",\"url\":\"https:\\\/\\\/store.boccas.biz\\\/\",\"name\":\"Boccas\",\"description\":\"Online Store\",\"publisher\":{\"@id\":\"https:\\\/\\\/store.boccas.biz\\\/#organization\"},\"potentialAction\":[{\"@type\":\"SearchAction\",\"target\":{\"@type\":\"EntryPoint\",\"urlTemplate\":\"https:\\\/\\\/store.boccas.biz\\\/?s={search_term_string}\"},\"query-input\":{\"@type\":\"PropertyValueSpecification\",\"valueRequired\":true,\"valueName\":\"search_term_string\"}}],\"inLanguage\":\"pt-PT\"},{\"@type\":\"Organization\",\"@id\":\"https:\\\/\\\/store.boccas.biz\\\/#organization\",\"name\":\"Boccas\",\"url\":\"https:\\\/\\\/store.boccas.biz\\\/\",\"logo\":{\"@type\":\"ImageObject\",\"inLanguage\":\"pt-PT\",\"@id\":\"https:\\\/\\\/store.boccas.biz\\\/#\\\/schema\\\/logo\\\/image\\\/\",\"url\":\"https:\\\/\\\/store.boccas.biz\\\/wp-content\\\/uploads\\\/2018\\\/10\\\/Boccas_Icon_512.png\",\"contentUrl\":\"https:\\\/\\\/store.boccas.biz\\\/wp-content\\\/uploads\\\/2018\\\/10\\\/Boccas_Icon_512.png\",\"width\":512,\"height\":512,\"caption\":\"Boccas\"},\"image\":{\"@id\":\"https:\\\/\\\/store.boccas.biz\\\/#\\\/schema\\\/logo\\\/image\\\/\"},\"sameAs\":[\"https:\\\/\\\/pt-pt.facebook.com\\\/Boccas-850820878274686\\\/\",\"https:\\\/\\\/www.instagram.com\\\/boccasballs\\\/\",\"https:\\\/\\\/www.youtube.com\\\/channel\\\/UCO2Nsi2uu73QVljANP75NZg\\\/\"]}]}<\/script>\n<!-- \/ Yoast SEO plugin. -->","yoast_head_json":{"title":"Boccas Referee Kit | Boccas","robots":{"index":"index","follow":"follow","max-snippet":"max-snippet:-1","max-image-preview":"max-image-preview:large","max-video-preview":"max-video-preview:-1"},"canonical":"https:\/\/store.boccas.biz\/pt\/produto\/boccas-referee-kit\/","og_locale":"pt_PT","og_type":"article","og_title":"Boccas Referee Kit | Boccas","og_description":"This refereeing kit is perfect for those who are just starting out as Boccia referees.  Includes: 1 Paddle, 1 Large Caliper, 1 Measuring Tape.","og_url":"https:\/\/store.boccas.biz\/pt\/produto\/boccas-referee-kit\/","og_site_name":"Boccas","article_publisher":"https:\/\/pt-pt.facebook.com\/Boccas-850820878274686\/","article_modified_time":"2020-01-10T18:31:49+00:00","og_image":[{"width":1920,"height":1280,"url":"https:\/\/store.boccas.biz\/wp-content\/uploads\/2018\/12\/BoccasRefereeKit_01.jpg","type":"image\/jpeg"}],"twitter_card":"summary_large_image","schema":{"@context":"https:\/\/schema.org","@graph":[{"@type":"WebPage","@id":"https:\/\/store.boccas.biz\/pt\/produto\/boccas-referee-kit\/","url":"https:\/\/store.boccas.biz\/pt\/produto\/boccas-referee-kit\/","name":"Boccas Referee Kit | Boccas","isPartOf":{"@id":"https:\/\/store.boccas.biz\/#website"},"primaryImageOfPage":{"@id":"https:\/\/store.boccas.biz\/pt\/produto\/boccas-referee-kit\/#primaryimage"},"image":{"@id":"https:\/\/store.boccas.biz\/pt\/produto\/boccas-referee-kit\/#primaryimage"},"thumbnailUrl":"https:\/\/store.boccas.biz\/wp-content\/uploads\/2018\/12\/BoccasRefereeKit_01.jpg","datePublished":"2019-06-25T05:00:33+00:00","dateModified":"2020-01-10T18:31:49+00:00","breadcrumb":{"@id":"https:\/\/store.boccas.biz\/pt\/produto\/boccas-referee-kit\/#breadcrumb"},"inLanguage":"pt-PT","potentialAction":[{"@type":"ReadAction","target":["https:\/\/store.boccas.biz\/pt\/produto\/boccas-referee-kit\/"]}]},{"@type":"ImageObject","inLanguage":"pt-PT","@id":"https:\/\/store.boccas.biz\/pt\/produto\/boccas-referee-kit\/#primaryimage","url":"https:\/\/store.boccas.biz\/wp-content\/uploads\/2018\/12\/BoccasRefereeKit_01.jpg","contentUrl":"https:\/\/store.boccas.biz\/wp-content\/uploads\/2018\/12\/BoccasRefereeKit_01.jpg","width":1920,"height":1280,"caption":"Boccas Referee Kit"},{"@type":"BreadcrumbList","@id":"https:\/\/store.boccas.biz\/pt\/produto\/boccas-referee-kit\/#breadcrumb","itemListElement":[{"@type":"ListItem","position":1,"name":"Home","item":"https:\/\/store.boccas.biz\/"},{"@type":"ListItem","position":2,"name":"The Shop","item":"https:\/\/store.boccas.biz\/shop\/"},{"@type":"ListItem","position":3,"name":"Boccas Referee Kit"}]},{"@type":"WebSite","@id":"https:\/\/store.boccas.biz\/#website","url":"https:\/\/store.boccas.biz\/","name":"Boccas","description":"Loja Online","publisher":{"@id":"https:\/\/store.boccas.biz\/#organization"},"potentialAction":[{"@type":"SearchAction","target":{"@type":"EntryPoint","urlTemplate":"https:\/\/store.boccas.biz\/?s={search_term_string}"},"query-input":{"@type":"PropertyValueSpecification","valueRequired":true,"valueName":"search_term_string"}}],"inLanguage":"pt-PT"},{"@type":"Organization","@id":"https:\/\/store.boccas.biz\/#organization","name":"Boccas","url":"https:\/\/store.boccas.biz\/","logo":{"@type":"ImageObject","inLanguage":"pt-PT","@id":"https:\/\/store.boccas.biz\/#\/schema\/logo\/image\/","url":"https:\/\/store.boccas.biz\/wp-content\/uploads\/2018\/10\/Boccas_Icon_512.png","contentUrl":"https:\/\/store.boccas.biz\/wp-content\/uploads\/2018\/10\/Boccas_Icon_512.png","width":512,"height":512,"caption":"Boccas"},"image":{"@id":"https:\/\/store.boccas.biz\/#\/schema\/logo\/image\/"},"sameAs":["https:\/\/pt-pt.facebook.com\/Boccas-850820878274686\/","https:\/\/www.instagram.com\/boccasballs\/","https:\/\/www.youtube.com\/channel\/UCO2Nsi2uu73QVljANP75NZg\/"]}]}},"jetpack_sharing_enabled":true,"_links":{"self":[{"href":"https:\/\/store.boccas.biz\/pt\/wp-json\/wp\/v2\/product\/3113","targetHints":{"allow":["GET"]}}],"collection":[{"href":"https:\/\/store.boccas.biz\/pt\/wp-json\/wp\/v2\/product"}],"about":[{"href":"https:\/\/store.boccas.biz\/pt\/wp-json\/wp\/v2\/types\/product"}],"wp:featuredmedia":[{"embeddable":true,"href":"https:\/\/store.boccas.biz\/pt\/wp-json\/wp\/v2\/media\/3114"}],"wp:attachment":[{"href":"https:\/\/store.boccas.biz\/pt\/wp-json\/wp\/v2\/media?parent=3113"}],"wp:term":[{"taxonomy":"product_brand","embeddable":true,"href":"https:\/\/store.boccas.biz\/pt\/wp-json\/wp\/v2\/product_brand?post=3113"},{"taxonomy":"product_cat","embeddable":true,"href":"https:\/\/store.boccas.biz\/pt\/wp-json\/wp\/v2\/product_cat?post=3113"},{"taxonomy":"product_tag","embeddable":true,"href":"https:\/\/store.boccas.biz\/pt\/wp-json\/wp\/v2\/product_tag?post=3113"}],"curies":[{"name":"wp","href":"https:\/\/api.w.org\/{rel}","templated":true}]}}