{"id":3172,"date":"2019-06-24T23:00:16","date_gmt":"2019-06-24T23:00:16","guid":{"rendered":"https:\/\/store.boccas.biz\/?post_type=product&#038;p=3172"},"modified":"2020-01-10T18:32:55","modified_gmt":"2020-01-10T18:32:55","slug":"electronic-scoreboard-guimaraes","status":"publish","type":"product","link":"https:\/\/store.boccas.biz\/pt\/produto\/electronic-scoreboard-guimaraes\/","title":{"rendered":"Marcador Electr\u00f3nico Guimar\u00e3es"},"content":{"rendered":"<div style=\"\"class=\"normal_height vc_row wpb_row vc_row-fluid\"><div class=\"wpb_column vc_column_container vc_col-sm-12\"><div class=\"vc_column-inner\"><div class=\"wpb_wrapper\">\n\t<div class=\"wpb_text_column wpb_content_element\" >\n\t\t<div class=\"wpb_wrapper\">\n\t\t\t<div class=\"content\">\n<div class=\"content\">\n<div class=\"content\">\n<div class=\"content\">\n<div class=\"content\">\n<div class=\"content\">\n<div class=\"content\">\n<div class=\"content\">\n<p>Um Marcador Electr\u00f3nico, que lhe permite contar o tempo, os sets, e o resultado.<\/p>\n<p>Possui uma bateria de l\u00edtio que dura at\u00e9 10 horas, liga\u00e7\u00e3o Wi-Fi, e pode ser controlado atrav\u00e9s de um dispositivo Android.<\/p>\n<p><strong>Notas: <\/strong><\/p>\n<ul>\n<li>Se tiver alguma quest\u00e3o sobre o funcionamento desta m\u00e1quina, por favor contacte-nos para saber mais informa\u00e7\u00f5es.<\/li>\n<\/ul>\n<\/div>\n<\/div>\n<\/div>\n<\/div>\n<\/div>\n<\/div>\n<\/div>\n<\/div>\n\n\t\t<\/div>\n\t<\/div>\n<\/div><\/div><\/div><\/div>","protected":false},"excerpt":{"rendered":"<div class=\"content\">\n<div class=\"content\">\n<div class=\"content\">\n<div class=\"content\">\n<div class=\"content\">\n<div class=\"content\">\n<div class=\"content\">\n<p>Um Marcador Electr\u00f3nico, que lhe permite contar o tempo, os sets, e o resultado.<\/p>\n<p><strong>Inclui: <\/strong>1 Marcador Electr\u00f3nico.<\/p>\n<\/div>\n<\/div>\n<\/div>\n<\/div>\n<\/div>\n<\/div>\n<\/div>","protected":false},"featured_media":3173,"template":"","meta":{"spay_email":""},"yoast_head":"<!-- This site is optimized with the Yoast SEO plugin v16.2 - https:\/\/yoast.com\/wordpress\/plugins\/seo\/ -->\n<title>Electronic Scoreboard Guimar\u00e3es | Boccas<\/title>\n<meta name=\"robots\" content=\"index, follow, max-snippet:-1, max-image-preview:large, max-video-preview:-1\" \/>\n<link rel=\"canonical\" href=\"https:\/\/store.boccas.biz\/pt\/produto\/electronic-scoreboard-guimaraes\/\" \/>\n<meta property=\"og:locale\" content=\"pt_PT\" \/>\n<meta property=\"og:type\" content=\"article\" \/>\n<meta property=\"og:title\" content=\"Electronic Scoreboard Guimar\u00e3es | Boccas\" \/>\n<meta property=\"og:description\" content=\"An Electronic Scoreboard, that allows you to keep track of the time, set, and score.  Includes: 1 Electronic Scoreboard.\" \/>\n<meta property=\"og:url\" content=\"https:\/\/store.boccas.biz\/pt\/produto\/electronic-scoreboard-guimaraes\/\" \/>\n<meta property=\"og:site_name\" content=\"Boccas\" \/>\n<meta property=\"article:publisher\" content=\"https:\/\/pt-pt.facebook.com\/Boccas-850820878274686\/\" \/>\n<meta property=\"article:modified_time\" content=\"2020-01-10T18:32:55+00:00\" \/>\n<meta property=\"og:image\" content=\"https:\/\/store.boccas.biz\/wp-content\/uploads\/2018\/12\/ElectronicScoreboard_Guimaraes_01.jpg\" \/>\n\t<meta property=\"og:image:width\" content=\"1920\" \/>\n\t<meta property=\"og:image:height\" content=\"1280\" \/>\n<meta name=\"twitter:card\" content=\"summary_large_image\" \/>\n<script type=\"application\/ld+json\" class=\"yoast-schema-graph\">{\"@context\":\"https:\/\/schema.org\",\"@graph\":[{\"@type\":\"Organization\",\"@id\":\"https:\/\/store.boccas.biz\/#organization\",\"name\":\"Boccas\",\"url\":\"https:\/\/store.boccas.biz\/\",\"sameAs\":[\"https:\/\/pt-pt.facebook.com\/Boccas-850820878274686\/\",\"https:\/\/www.instagram.com\/boccasballs\/\",\"https:\/\/www.youtube.com\/channel\/UCO2Nsi2uu73QVljANP75NZg\/\"],\"logo\":{\"@type\":\"ImageObject\",\"@id\":\"https:\/\/store.boccas.biz\/#logo\",\"inLanguage\":\"pt-PT\",\"url\":\"https:\/\/store.boccas.biz\/wp-content\/uploads\/2018\/10\/Boccas_Icon_512.png\",\"contentUrl\":\"https:\/\/store.boccas.biz\/wp-content\/uploads\/2018\/10\/Boccas_Icon_512.png\",\"width\":512,\"height\":512,\"caption\":\"Boccas\"},\"image\":{\"@id\":\"https:\/\/store.boccas.biz\/#logo\"}},{\"@type\":\"WebSite\",\"@id\":\"https:\/\/store.boccas.biz\/#website\",\"url\":\"https:\/\/store.boccas.biz\/\",\"name\":\"Boccas\",\"description\":\"Online Store\",\"publisher\":{\"@id\":\"https:\/\/store.boccas.biz\/#organization\"},\"potentialAction\":[{\"@type\":\"SearchAction\",\"target\":\"https:\/\/store.boccas.biz\/?s={search_term_string}\",\"query-input\":\"required name=search_term_string\"}],\"inLanguage\":\"pt-PT\"},{\"@type\":\"ImageObject\",\"@id\":\"https:\/\/store.boccas.biz\/product\/electronic-scoreboard-guimaraes\/#primaryimage\",\"inLanguage\":\"pt-PT\",\"url\":\"https:\/\/store.boccas.biz\/wp-content\/uploads\/2018\/12\/ElectronicScoreboard_Guimaraes_01.jpg\",\"contentUrl\":\"https:\/\/store.boccas.biz\/wp-content\/uploads\/2018\/12\/ElectronicScoreboard_Guimaraes_01.jpg\",\"width\":1920,\"height\":1280,\"caption\":\"Electronic Scoreboard Guimar\\u00e3es\"},{\"@type\":\"WebPage\",\"@id\":\"https:\/\/store.boccas.biz\/product\/electronic-scoreboard-guimaraes\/#webpage\",\"url\":\"https:\/\/store.boccas.biz\/product\/electronic-scoreboard-guimaraes\/\",\"name\":\"Electronic Scoreboard Guimar\\u00e3es | Boccas\",\"isPartOf\":{\"@id\":\"https:\/\/store.boccas.biz\/#website\"},\"primaryImageOfPage\":{\"@id\":\"https:\/\/store.boccas.biz\/product\/electronic-scoreboard-guimaraes\/#primaryimage\"},\"datePublished\":\"2019-06-24T23:00:16+00:00\",\"dateModified\":\"2020-01-10T18:32:55+00:00\",\"breadcrumb\":{\"@id\":\"https:\/\/store.boccas.biz\/product\/electronic-scoreboard-guimaraes\/#breadcrumb\"},\"inLanguage\":\"pt-PT\",\"potentialAction\":[{\"@type\":\"ReadAction\",\"target\":[\"https:\/\/store.boccas.biz\/product\/electronic-scoreboard-guimaraes\/\"]}]},{\"@type\":\"BreadcrumbList\",\"@id\":\"https:\/\/store.boccas.biz\/product\/electronic-scoreboard-guimaraes\/#breadcrumb\",\"itemListElement\":[{\"@type\":\"ListItem\",\"position\":1,\"item\":{\"@type\":\"WebPage\",\"@id\":\"https:\/\/store.boccas.biz\/\",\"url\":\"https:\/\/store.boccas.biz\/\",\"name\":\"Home\"}},{\"@type\":\"ListItem\",\"position\":2,\"item\":{\"@type\":\"WebPage\",\"@id\":\"https:\/\/store.boccas.biz\/shop\/\",\"url\":\"https:\/\/store.boccas.biz\/shop\/\",\"name\":\"The Shop\"}},{\"@type\":\"ListItem\",\"position\":3,\"item\":{\"@id\":\"https:\/\/store.boccas.biz\/product\/electronic-scoreboard-guimaraes\/#webpage\"}}]}]}<\/script>\n<!-- \/ Yoast SEO plugin. -->","_links":{"self":[{"href":"https:\/\/store.boccas.biz\/pt\/wp-json\/wp\/v2\/product\/3172"}],"collection":[{"href":"https:\/\/store.boccas.biz\/pt\/wp-json\/wp\/v2\/product"}],"about":[{"href":"https:\/\/store.boccas.biz\/pt\/wp-json\/wp\/v2\/types\/product"}],"wp:featuredmedia":[{"embeddable":true,"href":"https:\/\/store.boccas.biz\/pt\/wp-json\/wp\/v2\/media\/3173"}],"wp:attachment":[{"href":"https:\/\/store.boccas.biz\/pt\/wp-json\/wp\/v2\/media?parent=3172"}],"curies":[{"name":"wp","href":"https:\/\/api.w.org\/{rel}","templated":true}]}}