{"id":3192,"date":"2019-06-25T04:00:59","date_gmt":"2019-06-25T04:00:59","guid":{"rendered":"https:\/\/store.boccas.biz\/?post_type=product&#038;p=3192"},"modified":"2020-02-21T16:34:48","modified_gmt":"2020-02-21T16:34:48","slug":"bc3-fenolic-acrylic-ramp-tokyo","status":"publish","type":"product","link":"https:\/\/store.boccas.biz\/pt\/produto\/bc3-fenolic-acrylic-ramp-tokyo\/","title":{"rendered":"Rampa de Acr\u00edlico Fen\u00f3lico BC3 T\u00f3quio"},"content":{"rendered":"<div style=\"\"class=\"normal_height vc_row wpb_row vc_row-fluid\"><div class=\"wpb_column vc_column_container vc_col-sm-12\"><div class=\"vc_column-inner\"><div class=\"wpb_wrapper\">\n\t<div class=\"wpb_text_column wpb_content_element\" >\n\t\t<div class=\"wpb_wrapper\">\n\t\t\t<div class=\"content\">\n<div class=\"content\">\n<div class=\"content\">\n<div class=\"content\">\n<div class=\"content\">\n<div class=\"content\">\n<div class=\"content\">\n<div class=\"content\">\n<div class=\"content\">\n<div class=\"content\">\n<div class=\"content\">\n<p>A Rampa Acr\u00edlica, T\u00f3quio 2020, \u00e9 um equipamento fant\u00e1stico, direccionado \u00e0 classe BC3 das competi\u00e7\u00f5es Boccia.<\/p>\n<p>Constru\u00edda em Acr\u00edlico (Fen\u00f3lico), possui tr\u00eas partes remov\u00edveis, de forma a poder aumentar ou diminuir o seu comprimento de acordo com o jogador.<\/p>\n<p>F\u00e1cil de montar e desmontar, esta rampa permite uma visibilidade total do campo de jogo, e possui um suporte especial numa das pontas para segurar a bola.<\/p>\n<p><strong>Notas: <\/strong><\/p>\n<ul>\n<li>Especialmente desenhado para ser utilizado por atletas da classe BC3.<\/li>\n<\/ul>\n<\/div>\n<\/div>\n<\/div>\n<\/div>\n<\/div>\n<\/div>\n<\/div>\n<\/div>\n<\/div>\n<\/div>\n<\/div>\n\n\t\t<\/div>\n\t<\/div>\n<\/div><\/div><\/div><\/div>","protected":false},"excerpt":{"rendered":"<div class=\"content\">\n<div class=\"content\">\n<div class=\"content\">\n<div class=\"content\">\n<div class=\"content\">\n<div class=\"content\">\n<div class=\"content\">\n<div class=\"content\">\n<div class=\"content\">\n<div class=\"content\">\n<p>A Rampa Acr\u00edlica, T\u00f3quio 2020, \u00e9 um equipamento fant\u00e1stico, direccionado \u00e0 classe BC3 das competi\u00e7\u00f5es Boccia.<\/p>\n<p><strong>Inclui: <\/strong>1 Rampa, 1 Caixa de Madeira.<\/p>\n<\/div>\n<\/div>\n<\/div>\n<\/div>\n<\/div>\n<\/div>\n<\/div>\n<\/div>\n<\/div>\n<\/div>","protected":false},"featured_media":3193,"template":"","meta":{"spay_email":""},"yoast_head":"<!-- This site is optimized with the Yoast SEO plugin v16.2 - https:\/\/yoast.com\/wordpress\/plugins\/seo\/ -->\n<title>BC3 Fenolic Acrylic Ramp Tokyo | Boccas<\/title>\n<meta name=\"robots\" content=\"index, follow, max-snippet:-1, max-image-preview:large, max-video-preview:-1\" \/>\n<link rel=\"canonical\" href=\"https:\/\/store.boccas.biz\/pt\/produto\/bc3-fenolic-acrylic-ramp-tokyo\/\" \/>\n<meta property=\"og:locale\" content=\"pt_PT\" \/>\n<meta property=\"og:type\" content=\"article\" \/>\n<meta property=\"og:title\" content=\"BC3 Fenolic Acrylic Ramp Tokyo | Boccas\" \/>\n<meta property=\"og:description\" content=\"The Acrylic Ramp, Tokyo 2020, is a fantastic piece of equipment, targeted at the BC3 class of Boccia competitions.  Includes: 1 Ramp, 1 Wooden Box.\" \/>\n<meta property=\"og:url\" content=\"https:\/\/store.boccas.biz\/pt\/produto\/bc3-fenolic-acrylic-ramp-tokyo\/\" \/>\n<meta property=\"og:site_name\" content=\"Boccas\" \/>\n<meta property=\"article:publisher\" content=\"https:\/\/pt-pt.facebook.com\/Boccas-850820878274686\/\" \/>\n<meta property=\"article:modified_time\" content=\"2020-02-21T16:34:48+00:00\" \/>\n<meta property=\"og:image\" content=\"https:\/\/store.boccas.biz\/wp-content\/uploads\/2018\/12\/BC3AcrylicRampTokyo_01.jpg\" \/>\n\t<meta property=\"og:image:width\" content=\"1280\" \/>\n\t<meta property=\"og:image:height\" content=\"855\" \/>\n<meta name=\"twitter:card\" content=\"summary_large_image\" \/>\n<script type=\"application\/ld+json\" class=\"yoast-schema-graph\">{\"@context\":\"https:\/\/schema.org\",\"@graph\":[{\"@type\":\"Organization\",\"@id\":\"https:\/\/store.boccas.biz\/#organization\",\"name\":\"Boccas\",\"url\":\"https:\/\/store.boccas.biz\/\",\"sameAs\":[\"https:\/\/pt-pt.facebook.com\/Boccas-850820878274686\/\",\"https:\/\/www.instagram.com\/boccasballs\/\",\"https:\/\/www.youtube.com\/channel\/UCO2Nsi2uu73QVljANP75NZg\/\"],\"logo\":{\"@type\":\"ImageObject\",\"@id\":\"https:\/\/store.boccas.biz\/#logo\",\"inLanguage\":\"pt-PT\",\"url\":\"https:\/\/store.boccas.biz\/wp-content\/uploads\/2018\/10\/Boccas_Icon_512.png\",\"contentUrl\":\"https:\/\/store.boccas.biz\/wp-content\/uploads\/2018\/10\/Boccas_Icon_512.png\",\"width\":512,\"height\":512,\"caption\":\"Boccas\"},\"image\":{\"@id\":\"https:\/\/store.boccas.biz\/#logo\"}},{\"@type\":\"WebSite\",\"@id\":\"https:\/\/store.boccas.biz\/#website\",\"url\":\"https:\/\/store.boccas.biz\/\",\"name\":\"Boccas\",\"description\":\"Online Store\",\"publisher\":{\"@id\":\"https:\/\/store.boccas.biz\/#organization\"},\"potentialAction\":[{\"@type\":\"SearchAction\",\"target\":\"https:\/\/store.boccas.biz\/?s={search_term_string}\",\"query-input\":\"required name=search_term_string\"}],\"inLanguage\":\"pt-PT\"},{\"@type\":\"ImageObject\",\"@id\":\"https:\/\/store.boccas.biz\/product\/bc3-fenolic-acrylic-ramp-tokyo\/#primaryimage\",\"inLanguage\":\"pt-PT\",\"url\":\"https:\/\/store.boccas.biz\/wp-content\/uploads\/2018\/12\/BC3AcrylicRampTokyo_01.jpg\",\"contentUrl\":\"https:\/\/store.boccas.biz\/wp-content\/uploads\/2018\/12\/BC3AcrylicRampTokyo_01.jpg\",\"width\":1280,\"height\":855,\"caption\":\"BC3 Acrylic Ramp Tokyo\"},{\"@type\":\"WebPage\",\"@id\":\"https:\/\/store.boccas.biz\/product\/bc3-fenolic-acrylic-ramp-tokyo\/#webpage\",\"url\":\"https:\/\/store.boccas.biz\/product\/bc3-fenolic-acrylic-ramp-tokyo\/\",\"name\":\"BC3 Fenolic Acrylic Ramp Tokyo | Boccas\",\"isPartOf\":{\"@id\":\"https:\/\/store.boccas.biz\/#website\"},\"primaryImageOfPage\":{\"@id\":\"https:\/\/store.boccas.biz\/product\/bc3-fenolic-acrylic-ramp-tokyo\/#primaryimage\"},\"datePublished\":\"2019-06-25T04:00:59+00:00\",\"dateModified\":\"2020-02-21T16:34:48+00:00\",\"breadcrumb\":{\"@id\":\"https:\/\/store.boccas.biz\/product\/bc3-fenolic-acrylic-ramp-tokyo\/#breadcrumb\"},\"inLanguage\":\"pt-PT\",\"potentialAction\":[{\"@type\":\"ReadAction\",\"target\":[\"https:\/\/store.boccas.biz\/product\/bc3-fenolic-acrylic-ramp-tokyo\/\"]}]},{\"@type\":\"BreadcrumbList\",\"@id\":\"https:\/\/store.boccas.biz\/product\/bc3-fenolic-acrylic-ramp-tokyo\/#breadcrumb\",\"itemListElement\":[{\"@type\":\"ListItem\",\"position\":1,\"item\":{\"@type\":\"WebPage\",\"@id\":\"https:\/\/store.boccas.biz\/\",\"url\":\"https:\/\/store.boccas.biz\/\",\"name\":\"Home\"}},{\"@type\":\"ListItem\",\"position\":2,\"item\":{\"@type\":\"WebPage\",\"@id\":\"https:\/\/store.boccas.biz\/shop\/\",\"url\":\"https:\/\/store.boccas.biz\/shop\/\",\"name\":\"The Shop\"}},{\"@type\":\"ListItem\",\"position\":3,\"item\":{\"@id\":\"https:\/\/store.boccas.biz\/product\/bc3-fenolic-acrylic-ramp-tokyo\/#webpage\"}}]}]}<\/script>\n<!-- \/ Yoast SEO plugin. -->","_links":{"self":[{"href":"https:\/\/store.boccas.biz\/pt\/wp-json\/wp\/v2\/product\/3192"}],"collection":[{"href":"https:\/\/store.boccas.biz\/pt\/wp-json\/wp\/v2\/product"}],"about":[{"href":"https:\/\/store.boccas.biz\/pt\/wp-json\/wp\/v2\/types\/product"}],"wp:featuredmedia":[{"embeddable":true,"href":"https:\/\/store.boccas.biz\/pt\/wp-json\/wp\/v2\/media\/3193"}],"wp:attachment":[{"href":"https:\/\/store.boccas.biz\/pt\/wp-json\/wp\/v2\/media?parent=3192"}],"curies":[{"name":"wp","href":"https:\/\/api.w.org\/{rel}","templated":true}]}}