{"id":3281,"date":"2019-06-24T12:00:50","date_gmt":"2019-06-24T12:00:50","guid":{"rendered":"https:\/\/store.boccas.biz\/?post_type=product&#038;p=3281"},"modified":"2020-01-10T18:35:33","modified_gmt":"2020-01-10T18:35:33","slug":"racerunner","status":"publish","type":"product","link":"https:\/\/store.boccas.biz\/pt\/produto\/racerunner\/","title":{"rendered":"Racerunner"},"content":{"rendered":"<div style=\"\"class=\"normal_height vc_row wpb_row vc_row-fluid\"><div class=\"wpb_column vc_column_container vc_col-sm-12\"><div class=\"vc_column-inner\"><div class=\"wpb_wrapper\">\n\t<div class=\"wpb_text_column wpb_content_element\" >\n\t\t<div class=\"wpb_wrapper\">\n\t\t\t<div class=\"content\">\n<p>Os Racerunners s\u00e3o usados por pessoas de todas as idades para recrea\u00e7\u00e3o, mobilidade di\u00e1ria e desporto.<\/p>\n<p>O Racerunning \u00e9 um desporto para atletas com Paralisia Cerebral, no entanto, atletas que n\u00e3o sofram da mesma condi\u00e7\u00e3o tamb\u00e9m t\u00eam os seus pr\u00f3prios eventos.<\/p>\n<p>Os runners beneficiam directamente da utiliza\u00e7\u00e3o do racerunner, em diferentes n\u00edveis, tais como a fun\u00e7\u00e3o neurol\u00f3gica e a condi\u00e7\u00e3o muscular.<\/p>\n<p>O Racerunner \u00e9 facil de usar e de transportar.<\/p>\n<p><strong>Notas: <\/strong><\/p>\n<ul>\n<li>Este produto tem tamanhos e cores diferentes, por favor contacte-nos para saber mais informa\u00e7\u00f5es.<\/li>\n<\/ul>\n<\/div>\n\n\t\t<\/div>\n\t<\/div>\n<\/div><\/div><\/div><\/div><div style=\"\"class=\"normal_height vc_row wpb_row vc_row-fluid\"><div class=\"wpb_column vc_column_container vc_col-sm-12\"><div class=\"vc_column-inner\"><div class=\"wpb_wrapper\">\n\t<div class=\"wpb_text_column wpb_content_element\" >\n\t\t<div class=\"wpb_wrapper\">\n\t\t\t\n\t\t<\/div>\n\t<\/div>\n<\/div><\/div><\/div><\/div>","protected":false},"excerpt":{"rendered":"<div class=\"content\">\n<p>Os Racerunners s\u00e3o usados por pessoas de todas as idades para recrea\u00e7\u00e3o, mobilidade di\u00e1ria e desporto.<\/p>\n<p><strong>Inclui: <\/strong>1 Racerunner.<\/p>\n<\/div>","protected":false},"featured_media":3282,"template":"","meta":[],"product_brand":[],"product_cat":[69,80],"product_tag":[117],"class_list":{"0":"post-3281","1":"product","2":"type-product","3":"status-publish","4":"has-post-thumbnail","6":"product_cat-all","7":"product_cat-other","8":"product_tag-racerunner","10":"first","11":"instock","12":"taxable","13":"shipping-taxable","14":"purchasable","15":"product-type-simple"},"yoast_head":"<!-- This site is optimized with the Yoast SEO plugin v27.4 - https:\/\/yoast.com\/product\/yoast-seo-wordpress\/ -->\n<title>Racerunner | Boccas<\/title>\n<meta name=\"robots\" content=\"index, follow, max-snippet:-1, max-image-preview:large, max-video-preview:-1\" \/>\n<link rel=\"canonical\" href=\"https:\/\/store.boccas.biz\/pt\/produto\/racerunner\/\" \/>\n<meta property=\"og:locale\" content=\"pt_PT\" \/>\n<meta property=\"og:type\" content=\"article\" \/>\n<meta property=\"og:title\" content=\"Racerunner | Boccas\" \/>\n<meta property=\"og:description\" content=\"Racerunners are used by people of all ages for recreation, everyday mobility and sport.  Includes: 1 Racerunner.\" \/>\n<meta property=\"og:url\" content=\"https:\/\/store.boccas.biz\/pt\/produto\/racerunner\/\" \/>\n<meta property=\"og:site_name\" content=\"Boccas\" \/>\n<meta property=\"article:publisher\" content=\"https:\/\/pt-pt.facebook.com\/Boccas-850820878274686\/\" \/>\n<meta property=\"article:modified_time\" content=\"2020-01-10T18:35:33+00:00\" \/>\n<meta property=\"og:image\" content=\"https:\/\/store.boccas.biz\/wp-content\/uploads\/2019\/06\/Racerunner_01.jpg\" \/>\n\t<meta property=\"og:image:width\" content=\"1280\" \/>\n\t<meta property=\"og:image:height\" content=\"855\" \/>\n\t<meta property=\"og:image:type\" content=\"image\/jpeg\" \/>\n<meta name=\"twitter:card\" content=\"summary_large_image\" \/>\n<meta name=\"twitter:label1\" content=\"Tempo estimado de leitura\" \/>\n\t<meta name=\"twitter:data1\" content=\"1 minuto\" \/>\n<script type=\"application\/ld+json\" class=\"yoast-schema-graph\">{\"@context\":\"https:\\\/\\\/schema.org\",\"@graph\":[{\"@type\":\"WebPage\",\"@id\":\"https:\\\/\\\/store.boccas.biz\\\/product\\\/racerunner\\\/\",\"url\":\"https:\\\/\\\/store.boccas.biz\\\/product\\\/racerunner\\\/\",\"name\":\"Racerunner | Boccas\",\"isPartOf\":{\"@id\":\"https:\\\/\\\/store.boccas.biz\\\/#website\"},\"primaryImageOfPage\":{\"@id\":\"https:\\\/\\\/store.boccas.biz\\\/product\\\/racerunner\\\/#primaryimage\"},\"image\":{\"@id\":\"https:\\\/\\\/store.boccas.biz\\\/product\\\/racerunner\\\/#primaryimage\"},\"thumbnailUrl\":\"https:\\\/\\\/store.boccas.biz\\\/wp-content\\\/uploads\\\/2019\\\/06\\\/Racerunner_01.jpg\",\"datePublished\":\"2019-06-24T12:00:50+00:00\",\"dateModified\":\"2020-01-10T18:35:33+00:00\",\"breadcrumb\":{\"@id\":\"https:\\\/\\\/store.boccas.biz\\\/product\\\/racerunner\\\/#breadcrumb\"},\"inLanguage\":\"pt-PT\",\"potentialAction\":[{\"@type\":\"ReadAction\",\"target\":[\"https:\\\/\\\/store.boccas.biz\\\/product\\\/racerunner\\\/\"]}]},{\"@type\":\"ImageObject\",\"inLanguage\":\"pt-PT\",\"@id\":\"https:\\\/\\\/store.boccas.biz\\\/product\\\/racerunner\\\/#primaryimage\",\"url\":\"https:\\\/\\\/store.boccas.biz\\\/wp-content\\\/uploads\\\/2019\\\/06\\\/Racerunner_01.jpg\",\"contentUrl\":\"https:\\\/\\\/store.boccas.biz\\\/wp-content\\\/uploads\\\/2019\\\/06\\\/Racerunner_01.jpg\",\"width\":1280,\"height\":855,\"caption\":\"Racerunner\"},{\"@type\":\"BreadcrumbList\",\"@id\":\"https:\\\/\\\/store.boccas.biz\\\/product\\\/racerunner\\\/#breadcrumb\",\"itemListElement\":[{\"@type\":\"ListItem\",\"position\":1,\"name\":\"Home\",\"item\":\"https:\\\/\\\/store.boccas.biz\\\/\"},{\"@type\":\"ListItem\",\"position\":2,\"name\":\"The Shop\",\"item\":\"https:\\\/\\\/store.boccas.biz\\\/shop\\\/\"},{\"@type\":\"ListItem\",\"position\":3,\"name\":\"Racerunner\"}]},{\"@type\":\"WebSite\",\"@id\":\"https:\\\/\\\/store.boccas.biz\\\/#website\",\"url\":\"https:\\\/\\\/store.boccas.biz\\\/\",\"name\":\"Boccas\",\"description\":\"Online Store\",\"publisher\":{\"@id\":\"https:\\\/\\\/store.boccas.biz\\\/#organization\"},\"potentialAction\":[{\"@type\":\"SearchAction\",\"target\":{\"@type\":\"EntryPoint\",\"urlTemplate\":\"https:\\\/\\\/store.boccas.biz\\\/?s={search_term_string}\"},\"query-input\":{\"@type\":\"PropertyValueSpecification\",\"valueRequired\":true,\"valueName\":\"search_term_string\"}}],\"inLanguage\":\"pt-PT\"},{\"@type\":\"Organization\",\"@id\":\"https:\\\/\\\/store.boccas.biz\\\/#organization\",\"name\":\"Boccas\",\"url\":\"https:\\\/\\\/store.boccas.biz\\\/\",\"logo\":{\"@type\":\"ImageObject\",\"inLanguage\":\"pt-PT\",\"@id\":\"https:\\\/\\\/store.boccas.biz\\\/#\\\/schema\\\/logo\\\/image\\\/\",\"url\":\"https:\\\/\\\/store.boccas.biz\\\/wp-content\\\/uploads\\\/2018\\\/10\\\/Boccas_Icon_512.png\",\"contentUrl\":\"https:\\\/\\\/store.boccas.biz\\\/wp-content\\\/uploads\\\/2018\\\/10\\\/Boccas_Icon_512.png\",\"width\":512,\"height\":512,\"caption\":\"Boccas\"},\"image\":{\"@id\":\"https:\\\/\\\/store.boccas.biz\\\/#\\\/schema\\\/logo\\\/image\\\/\"},\"sameAs\":[\"https:\\\/\\\/pt-pt.facebook.com\\\/Boccas-850820878274686\\\/\",\"https:\\\/\\\/www.instagram.com\\\/boccasballs\\\/\",\"https:\\\/\\\/www.youtube.com\\\/channel\\\/UCO2Nsi2uu73QVljANP75NZg\\\/\"]}]}<\/script>\n<!-- \/ Yoast SEO plugin. -->","yoast_head_json":{"title":"Racerunner | Boccas","robots":{"index":"index","follow":"follow","max-snippet":"max-snippet:-1","max-image-preview":"max-image-preview:large","max-video-preview":"max-video-preview:-1"},"canonical":"https:\/\/store.boccas.biz\/pt\/produto\/racerunner\/","og_locale":"pt_PT","og_type":"article","og_title":"Racerunner | Boccas","og_description":"Racerunners are used by people of all ages for recreation, everyday mobility and sport.  Includes: 1 Racerunner.","og_url":"https:\/\/store.boccas.biz\/pt\/produto\/racerunner\/","og_site_name":"Boccas","article_publisher":"https:\/\/pt-pt.facebook.com\/Boccas-850820878274686\/","article_modified_time":"2020-01-10T18:35:33+00:00","og_image":[{"width":1280,"height":855,"url":"https:\/\/store.boccas.biz\/wp-content\/uploads\/2019\/06\/Racerunner_01.jpg","type":"image\/jpeg"}],"twitter_card":"summary_large_image","twitter_misc":{"Tempo estimado de leitura":"1 minuto"},"schema":{"@context":"https:\/\/schema.org","@graph":[{"@type":"WebPage","@id":"https:\/\/store.boccas.biz\/product\/racerunner\/","url":"https:\/\/store.boccas.biz\/product\/racerunner\/","name":"Racerunner | Boccas","isPartOf":{"@id":"https:\/\/store.boccas.biz\/#website"},"primaryImageOfPage":{"@id":"https:\/\/store.boccas.biz\/product\/racerunner\/#primaryimage"},"image":{"@id":"https:\/\/store.boccas.biz\/product\/racerunner\/#primaryimage"},"thumbnailUrl":"https:\/\/store.boccas.biz\/wp-content\/uploads\/2019\/06\/Racerunner_01.jpg","datePublished":"2019-06-24T12:00:50+00:00","dateModified":"2020-01-10T18:35:33+00:00","breadcrumb":{"@id":"https:\/\/store.boccas.biz\/product\/racerunner\/#breadcrumb"},"inLanguage":"pt-PT","potentialAction":[{"@type":"ReadAction","target":["https:\/\/store.boccas.biz\/product\/racerunner\/"]}]},{"@type":"ImageObject","inLanguage":"pt-PT","@id":"https:\/\/store.boccas.biz\/product\/racerunner\/#primaryimage","url":"https:\/\/store.boccas.biz\/wp-content\/uploads\/2019\/06\/Racerunner_01.jpg","contentUrl":"https:\/\/store.boccas.biz\/wp-content\/uploads\/2019\/06\/Racerunner_01.jpg","width":1280,"height":855,"caption":"Racerunner"},{"@type":"BreadcrumbList","@id":"https:\/\/store.boccas.biz\/product\/racerunner\/#breadcrumb","itemListElement":[{"@type":"ListItem","position":1,"name":"Home","item":"https:\/\/store.boccas.biz\/"},{"@type":"ListItem","position":2,"name":"The Shop","item":"https:\/\/store.boccas.biz\/shop\/"},{"@type":"ListItem","position":3,"name":"Racerunner"}]},{"@type":"WebSite","@id":"https:\/\/store.boccas.biz\/#website","url":"https:\/\/store.boccas.biz\/","name":"Boccas","description":"Loja Online","publisher":{"@id":"https:\/\/store.boccas.biz\/#organization"},"potentialAction":[{"@type":"SearchAction","target":{"@type":"EntryPoint","urlTemplate":"https:\/\/store.boccas.biz\/?s={search_term_string}"},"query-input":{"@type":"PropertyValueSpecification","valueRequired":true,"valueName":"search_term_string"}}],"inLanguage":"pt-PT"},{"@type":"Organization","@id":"https:\/\/store.boccas.biz\/#organization","name":"Boccas","url":"https:\/\/store.boccas.biz\/","logo":{"@type":"ImageObject","inLanguage":"pt-PT","@id":"https:\/\/store.boccas.biz\/#\/schema\/logo\/image\/","url":"https:\/\/store.boccas.biz\/wp-content\/uploads\/2018\/10\/Boccas_Icon_512.png","contentUrl":"https:\/\/store.boccas.biz\/wp-content\/uploads\/2018\/10\/Boccas_Icon_512.png","width":512,"height":512,"caption":"Boccas"},"image":{"@id":"https:\/\/store.boccas.biz\/#\/schema\/logo\/image\/"},"sameAs":["https:\/\/pt-pt.facebook.com\/Boccas-850820878274686\/","https:\/\/www.instagram.com\/boccasballs\/","https:\/\/www.youtube.com\/channel\/UCO2Nsi2uu73QVljANP75NZg\/"]}]}},"jetpack_sharing_enabled":true,"_links":{"self":[{"href":"https:\/\/store.boccas.biz\/pt\/wp-json\/wp\/v2\/product\/3281","targetHints":{"allow":["GET"]}}],"collection":[{"href":"https:\/\/store.boccas.biz\/pt\/wp-json\/wp\/v2\/product"}],"about":[{"href":"https:\/\/store.boccas.biz\/pt\/wp-json\/wp\/v2\/types\/product"}],"wp:featuredmedia":[{"embeddable":true,"href":"https:\/\/store.boccas.biz\/pt\/wp-json\/wp\/v2\/media\/3282"}],"wp:attachment":[{"href":"https:\/\/store.boccas.biz\/pt\/wp-json\/wp\/v2\/media?parent=3281"}],"wp:term":[{"taxonomy":"product_brand","embeddable":true,"href":"https:\/\/store.boccas.biz\/pt\/wp-json\/wp\/v2\/product_brand?post=3281"},{"taxonomy":"product_cat","embeddable":true,"href":"https:\/\/store.boccas.biz\/pt\/wp-json\/wp\/v2\/product_cat?post=3281"},{"taxonomy":"product_tag","embeddable":true,"href":"https:\/\/store.boccas.biz\/pt\/wp-json\/wp\/v2\/product_tag?post=3281"}],"curies":[{"name":"wp","href":"https:\/\/api.w.org\/{rel}","templated":true}]}}