{"id":3290,"date":"2019-06-24T09:00:22","date_gmt":"2019-06-24T09:00:22","guid":{"rendered":"https:\/\/store.boccas.biz\/?post_type=product&#038;p=3290"},"modified":"2020-01-10T18:35:41","modified_gmt":"2020-01-10T18:35:41","slug":"boccas-black-t-shirt","status":"publish","type":"product","link":"https:\/\/store.boccas.biz\/pt\/produto\/boccas-black-t-shirt\/","title":{"rendered":"T-Shirt Preta Boccas"},"content":{"rendered":"<div style=\"\"class=\"normal_height vc_row wpb_row vc_row-fluid\"><div class=\"wpb_column vc_column_container vc_col-sm-12\"><div class=\"vc_column-inner\"><div class=\"wpb_wrapper\">\n\t<div class=\"wpb_text_column wpb_content_element\" >\n\t\t<div class=\"wpb_wrapper\">\n\t\t\t<div class=\"content\">\n<p>Esta T-Shirt preta Boccas \u00e9 perfeita para mostrar a sua paix\u00e3o pelo Boccia.<\/p>\n<p>Feita a partir de materiais naturais, \u00e9 confort\u00e1vel e ajusta-se muito bem ao corpo.<\/p>\n<p>Com o nosso logo em destaque na frente, toda a gente ir\u00e1 saber que \u00e9 um f\u00e3 de Boccia. \u00c9 perfeita para o treino ou para a competi\u00e7\u00e3o.<\/p>\n<p><strong>Notas:\u00a0<\/strong><\/p>\n<ul>\n<li>Esta T-Shirt Preta Boccas est\u00e1 dispon\u00edvel em diferentes tamanhos, por favor contacte-nos para saber mais informa\u00e7\u00f5es.<\/li>\n<\/ul>\n<\/div>\n\n\t\t<\/div>\n\t<\/div>\n<\/div><\/div><\/div><\/div><div style=\"\"class=\"normal_height vc_row wpb_row vc_row-fluid\"><div class=\"wpb_column vc_column_container vc_col-sm-12\"><div class=\"vc_column-inner\"><div class=\"wpb_wrapper\">\n\t<div class=\"wpb_text_column wpb_content_element\" >\n\t\t<div class=\"wpb_wrapper\">\n\t\t\t\n\t\t<\/div>\n\t<\/div>\n<\/div><\/div><\/div><\/div>","protected":false},"excerpt":{"rendered":"<div class=\"content\">\n<p>Esta T-Shirt preta Boccas \u00e9 perfeita para mostrar a sua paix\u00e3o pelo Boccia.<\/p>\n<p><strong>Inclui: <\/strong>1 T-Shirt Preta Boccas.<\/p>\n<\/div>","protected":false},"featured_media":3291,"template":"","meta":{"spay_email":""},"yoast_head":"<!-- This site is optimized with the Yoast SEO plugin v16.2 - https:\/\/yoast.com\/wordpress\/plugins\/seo\/ -->\n<title>Boccas Black T-Shirt | Boccas<\/title>\n<meta name=\"robots\" content=\"index, follow, max-snippet:-1, max-image-preview:large, max-video-preview:-1\" \/>\n<link rel=\"canonical\" href=\"https:\/\/store.boccas.biz\/pt\/produto\/boccas-black-t-shirt\/\" \/>\n<meta property=\"og:locale\" content=\"pt_PT\" \/>\n<meta property=\"og:type\" content=\"article\" \/>\n<meta property=\"og:title\" content=\"Boccas Black T-Shirt | Boccas\" \/>\n<meta property=\"og:description\" content=\"This Boccas Black T-Shirt is perfect to show your love for Boccia.  Includes: 1 Boccas Black T-Shirt.\" \/>\n<meta property=\"og:url\" content=\"https:\/\/store.boccas.biz\/pt\/produto\/boccas-black-t-shirt\/\" \/>\n<meta property=\"og:site_name\" content=\"Boccas\" \/>\n<meta property=\"article:publisher\" content=\"https:\/\/pt-pt.facebook.com\/Boccas-850820878274686\/\" \/>\n<meta property=\"article:modified_time\" content=\"2020-01-10T18:35:41+00:00\" \/>\n<meta property=\"og:image\" content=\"https:\/\/store.boccas.biz\/wp-content\/uploads\/2019\/06\/BoccasBlackTShirt_01.jpg\" \/>\n\t<meta property=\"og:image:width\" content=\"1280\" \/>\n\t<meta property=\"og:image:height\" content=\"855\" \/>\n<meta name=\"twitter:card\" content=\"summary_large_image\" \/>\n<script type=\"application\/ld+json\" class=\"yoast-schema-graph\">{\"@context\":\"https:\/\/schema.org\",\"@graph\":[{\"@type\":\"Organization\",\"@id\":\"https:\/\/store.boccas.biz\/#organization\",\"name\":\"Boccas\",\"url\":\"https:\/\/store.boccas.biz\/\",\"sameAs\":[\"https:\/\/pt-pt.facebook.com\/Boccas-850820878274686\/\",\"https:\/\/www.instagram.com\/boccasballs\/\",\"https:\/\/www.youtube.com\/channel\/UCO2Nsi2uu73QVljANP75NZg\/\"],\"logo\":{\"@type\":\"ImageObject\",\"@id\":\"https:\/\/store.boccas.biz\/#logo\",\"inLanguage\":\"pt-PT\",\"url\":\"https:\/\/store.boccas.biz\/wp-content\/uploads\/2018\/10\/Boccas_Icon_512.png\",\"contentUrl\":\"https:\/\/store.boccas.biz\/wp-content\/uploads\/2018\/10\/Boccas_Icon_512.png\",\"width\":512,\"height\":512,\"caption\":\"Boccas\"},\"image\":{\"@id\":\"https:\/\/store.boccas.biz\/#logo\"}},{\"@type\":\"WebSite\",\"@id\":\"https:\/\/store.boccas.biz\/#website\",\"url\":\"https:\/\/store.boccas.biz\/\",\"name\":\"Boccas\",\"description\":\"Online Store\",\"publisher\":{\"@id\":\"https:\/\/store.boccas.biz\/#organization\"},\"potentialAction\":[{\"@type\":\"SearchAction\",\"target\":\"https:\/\/store.boccas.biz\/?s={search_term_string}\",\"query-input\":\"required name=search_term_string\"}],\"inLanguage\":\"pt-PT\"},{\"@type\":\"ImageObject\",\"@id\":\"https:\/\/store.boccas.biz\/product\/boccas-black-t-shirt\/#primaryimage\",\"inLanguage\":\"pt-PT\",\"url\":\"https:\/\/store.boccas.biz\/wp-content\/uploads\/2019\/06\/BoccasBlackTShirt_01.jpg\",\"contentUrl\":\"https:\/\/store.boccas.biz\/wp-content\/uploads\/2019\/06\/BoccasBlackTShirt_01.jpg\",\"width\":1280,\"height\":855,\"caption\":\"Boccas Black T-Shirt\"},{\"@type\":\"WebPage\",\"@id\":\"https:\/\/store.boccas.biz\/product\/boccas-black-t-shirt\/#webpage\",\"url\":\"https:\/\/store.boccas.biz\/product\/boccas-black-t-shirt\/\",\"name\":\"Boccas Black T-Shirt | Boccas\",\"isPartOf\":{\"@id\":\"https:\/\/store.boccas.biz\/#website\"},\"primaryImageOfPage\":{\"@id\":\"https:\/\/store.boccas.biz\/product\/boccas-black-t-shirt\/#primaryimage\"},\"datePublished\":\"2019-06-24T09:00:22+00:00\",\"dateModified\":\"2020-01-10T18:35:41+00:00\",\"breadcrumb\":{\"@id\":\"https:\/\/store.boccas.biz\/product\/boccas-black-t-shirt\/#breadcrumb\"},\"inLanguage\":\"pt-PT\",\"potentialAction\":[{\"@type\":\"ReadAction\",\"target\":[\"https:\/\/store.boccas.biz\/product\/boccas-black-t-shirt\/\"]}]},{\"@type\":\"BreadcrumbList\",\"@id\":\"https:\/\/store.boccas.biz\/product\/boccas-black-t-shirt\/#breadcrumb\",\"itemListElement\":[{\"@type\":\"ListItem\",\"position\":1,\"item\":{\"@type\":\"WebPage\",\"@id\":\"https:\/\/store.boccas.biz\/\",\"url\":\"https:\/\/store.boccas.biz\/\",\"name\":\"Home\"}},{\"@type\":\"ListItem\",\"position\":2,\"item\":{\"@type\":\"WebPage\",\"@id\":\"https:\/\/store.boccas.biz\/shop\/\",\"url\":\"https:\/\/store.boccas.biz\/shop\/\",\"name\":\"The Shop\"}},{\"@type\":\"ListItem\",\"position\":3,\"item\":{\"@id\":\"https:\/\/store.boccas.biz\/product\/boccas-black-t-shirt\/#webpage\"}}]}]}<\/script>\n<!-- \/ Yoast SEO plugin. -->","_links":{"self":[{"href":"https:\/\/store.boccas.biz\/pt\/wp-json\/wp\/v2\/product\/3290"}],"collection":[{"href":"https:\/\/store.boccas.biz\/pt\/wp-json\/wp\/v2\/product"}],"about":[{"href":"https:\/\/store.boccas.biz\/pt\/wp-json\/wp\/v2\/types\/product"}],"wp:featuredmedia":[{"embeddable":true,"href":"https:\/\/store.boccas.biz\/pt\/wp-json\/wp\/v2\/media\/3291"}],"wp:attachment":[{"href":"https:\/\/store.boccas.biz\/pt\/wp-json\/wp\/v2\/media?parent=3290"}],"curies":[{"name":"wp","href":"https:\/\/api.w.org\/{rel}","templated":true}]}}