{"id":3525,"date":"2019-06-25T04:30:49","date_gmt":"2019-06-25T04:30:49","guid":{"rendered":"https:\/\/store.boccas.biz\/?post_type=product&#038;p=3525"},"modified":"2021-05-05T10:18:27","modified_gmt":"2021-05-05T10:18:27","slug":"bc3-fenolic-acrylic-ramp-paris","status":"publish","type":"product","link":"https:\/\/store.boccas.biz\/pt\/produto\/bc3-fenolic-acrylic-ramp-paris\/","title":{"rendered":"Rampa de Acr\u00edlico Fen\u00f3lico BC3 Paris"},"content":{"rendered":"<div style=\"\"class=\"normal_height vc_row wpb_row vc_row-fluid\"><div class=\"wpb_column vc_column_container vc_col-sm-12\"><div class=\"vc_column-inner\"><div class=\"wpb_wrapper\">\n\t<div class=\"wpb_text_column wpb_content_element\" >\n\t\t<div class=\"wpb_wrapper\">\n\t\t\t<div class=\"content\">\n<div class=\"content\">\n<div class=\"content\">\n<div class=\"content\">\n<div class=\"content\">\n<div class=\"content\">\n<div class=\"content\">\n<div class=\"content\">\n<div class=\"content\">\n<div class=\"content\">\n<div class=\"content\">\n<p>A Rampa Acr\u00edlica, Paris 2024, \u00e9 um equipamento fant\u00e1stico, direccionado \u00e0 classe BC3 das competi\u00e7\u00f5es Boccia.<\/p>\n<p>Constru\u00edda em Acr\u00edlico (Fen\u00f3lico), possui tr\u00eas partes remov\u00edveis, de forma a poder aumentar ou diminuir o seu comprimento de acordo com o jogador.<\/p>\n<p>F\u00e1cil de montar e desmontar, esta rampa permite uma visibilidade total do campo de jogo, e possui um suporte especial numa das pontas para segurar a bola.<\/p>\n<p><strong>Notas: <\/strong><\/p>\n<ul>\n<li>Especialmente desenhado para ser utilizado por atletas da classe BC3.<\/li>\n<\/ul>\n<\/div>\n<\/div>\n<\/div>\n<\/div>\n<\/div>\n<\/div>\n<\/div>\n<\/div>\n<\/div>\n<\/div>\n<\/div>\n\n\t\t<\/div>\n\t<\/div>\n<\/div><\/div><\/div><\/div>","protected":false},"excerpt":{"rendered":"<div class=\"content\">\n<div class=\"content\">\n<div class=\"content\">\n<div class=\"content\">\n<div class=\"content\">\n<div class=\"content\">\n<div class=\"content\">\n<div class=\"content\">\n<div class=\"content\">\n<div class=\"content\">\n<p>A Rampa Acr\u00edlica, Paris 2024, \u00e9 um equipamento fant\u00e1stico, direccionado \u00e0 classe BC3 das competi\u00e7\u00f5es Boccia.<\/p>\n<p><strong>Inclui: <\/strong>1 Rampa, 1 Caixa de Madeira.<\/p>\n<\/div>\n<\/div>\n<\/div>\n<\/div>\n<\/div>\n<\/div>\n<\/div>\n<\/div>\n<\/div>\n<\/div>","protected":false},"featured_media":3527,"template":"","meta":[],"product_brand":[],"product_cat":[69,127,77],"product_tag":[109,106,71,112,128,107],"class_list":{"0":"post-3525","1":"product","2":"type-product","3":"status-publish","4":"has-post-thumbnail","6":"product_cat-all","7":"product_cat-paris-2024","8":"product_cat-ramps","9":"product_tag-acrylic","10":"product_tag-bc3","11":"product_tag-boccas","12":"product_tag-fenolic","13":"product_tag-paris","14":"product_tag-ramps","16":"first","17":"instock","18":"taxable","19":"shipping-taxable","20":"purchasable","21":"product-type-simple"},"yoast_head":"<!-- This site is optimized with the Yoast SEO plugin v27.4 - https:\/\/yoast.com\/product\/yoast-seo-wordpress\/ -->\n<title>BC3 Fenolic Acrylic Ramp Paris | Boccas<\/title>\n<meta name=\"robots\" content=\"index, follow, max-snippet:-1, max-image-preview:large, max-video-preview:-1\" \/>\n<link rel=\"canonical\" href=\"https:\/\/store.boccas.biz\/pt\/produto\/bc3-fenolic-acrylic-ramp-paris\/\" \/>\n<meta property=\"og:locale\" content=\"pt_PT\" \/>\n<meta property=\"og:type\" content=\"article\" \/>\n<meta property=\"og:title\" content=\"BC3 Fenolic Acrylic Ramp Paris | Boccas\" \/>\n<meta property=\"og:description\" content=\"The Acrylic Ramp, Paris 2024, is a fantastic piece of equipment, targeted at the BC3 class of Boccia competitions.  Includes: 1 Ramp, 1 Wooden Box.\" \/>\n<meta property=\"og:url\" content=\"https:\/\/store.boccas.biz\/pt\/produto\/bc3-fenolic-acrylic-ramp-paris\/\" \/>\n<meta property=\"og:site_name\" content=\"Boccas\" \/>\n<meta property=\"article:publisher\" content=\"https:\/\/pt-pt.facebook.com\/Boccas-850820878274686\/\" \/>\n<meta property=\"article:modified_time\" content=\"2021-05-05T10:18:27+00:00\" \/>\n<meta property=\"og:image\" content=\"https:\/\/store.boccas.biz\/wp-content\/uploads\/2021\/02\/BC3_FenolycAcrylicRamp_Paris2024_02.jpg\" \/>\n\t<meta property=\"og:image:width\" content=\"961\" \/>\n\t<meta property=\"og:image:height\" content=\"1280\" \/>\n\t<meta property=\"og:image:type\" content=\"image\/jpeg\" \/>\n<meta name=\"twitter:card\" content=\"summary_large_image\" \/>\n<meta name=\"twitter:label1\" content=\"Tempo estimado de leitura\" \/>\n\t<meta name=\"twitter:data1\" content=\"1 minuto\" \/>\n<script type=\"application\/ld+json\" class=\"yoast-schema-graph\">{\"@context\":\"https:\\\/\\\/schema.org\",\"@graph\":[{\"@type\":\"WebPage\",\"@id\":\"https:\\\/\\\/store.boccas.biz\\\/product\\\/bc3-fenolic-acrylic-ramp-paris\\\/\",\"url\":\"https:\\\/\\\/store.boccas.biz\\\/product\\\/bc3-fenolic-acrylic-ramp-paris\\\/\",\"name\":\"BC3 Fenolic Acrylic Ramp Paris | Boccas\",\"isPartOf\":{\"@id\":\"https:\\\/\\\/store.boccas.biz\\\/#website\"},\"primaryImageOfPage\":{\"@id\":\"https:\\\/\\\/store.boccas.biz\\\/product\\\/bc3-fenolic-acrylic-ramp-paris\\\/#primaryimage\"},\"image\":{\"@id\":\"https:\\\/\\\/store.boccas.biz\\\/product\\\/bc3-fenolic-acrylic-ramp-paris\\\/#primaryimage\"},\"thumbnailUrl\":\"https:\\\/\\\/store.boccas.biz\\\/wp-content\\\/uploads\\\/2021\\\/02\\\/BC3_FenolycAcrylicRamp_Paris2024_02.jpg\",\"datePublished\":\"2019-06-25T04:30:49+00:00\",\"dateModified\":\"2021-05-05T10:18:27+00:00\",\"breadcrumb\":{\"@id\":\"https:\\\/\\\/store.boccas.biz\\\/product\\\/bc3-fenolic-acrylic-ramp-paris\\\/#breadcrumb\"},\"inLanguage\":\"pt-PT\",\"potentialAction\":[{\"@type\":\"ReadAction\",\"target\":[\"https:\\\/\\\/store.boccas.biz\\\/product\\\/bc3-fenolic-acrylic-ramp-paris\\\/\"]}]},{\"@type\":\"ImageObject\",\"inLanguage\":\"pt-PT\",\"@id\":\"https:\\\/\\\/store.boccas.biz\\\/product\\\/bc3-fenolic-acrylic-ramp-paris\\\/#primaryimage\",\"url\":\"https:\\\/\\\/store.boccas.biz\\\/wp-content\\\/uploads\\\/2021\\\/02\\\/BC3_FenolycAcrylicRamp_Paris2024_02.jpg\",\"contentUrl\":\"https:\\\/\\\/store.boccas.biz\\\/wp-content\\\/uploads\\\/2021\\\/02\\\/BC3_FenolycAcrylicRamp_Paris2024_02.jpg\",\"width\":961,\"height\":1280,\"caption\":\"BC3 Acrylic Ramp Paris\"},{\"@type\":\"BreadcrumbList\",\"@id\":\"https:\\\/\\\/store.boccas.biz\\\/product\\\/bc3-fenolic-acrylic-ramp-paris\\\/#breadcrumb\",\"itemListElement\":[{\"@type\":\"ListItem\",\"position\":1,\"name\":\"Home\",\"item\":\"https:\\\/\\\/store.boccas.biz\\\/\"},{\"@type\":\"ListItem\",\"position\":2,\"name\":\"The Shop\",\"item\":\"https:\\\/\\\/store.boccas.biz\\\/shop\\\/\"},{\"@type\":\"ListItem\",\"position\":3,\"name\":\"BC3 Fenolic Acrylic Ramp Paris\"}]},{\"@type\":\"WebSite\",\"@id\":\"https:\\\/\\\/store.boccas.biz\\\/#website\",\"url\":\"https:\\\/\\\/store.boccas.biz\\\/\",\"name\":\"Boccas\",\"description\":\"Online Store\",\"publisher\":{\"@id\":\"https:\\\/\\\/store.boccas.biz\\\/#organization\"},\"potentialAction\":[{\"@type\":\"SearchAction\",\"target\":{\"@type\":\"EntryPoint\",\"urlTemplate\":\"https:\\\/\\\/store.boccas.biz\\\/?s={search_term_string}\"},\"query-input\":{\"@type\":\"PropertyValueSpecification\",\"valueRequired\":true,\"valueName\":\"search_term_string\"}}],\"inLanguage\":\"pt-PT\"},{\"@type\":\"Organization\",\"@id\":\"https:\\\/\\\/store.boccas.biz\\\/#organization\",\"name\":\"Boccas\",\"url\":\"https:\\\/\\\/store.boccas.biz\\\/\",\"logo\":{\"@type\":\"ImageObject\",\"inLanguage\":\"pt-PT\",\"@id\":\"https:\\\/\\\/store.boccas.biz\\\/#\\\/schema\\\/logo\\\/image\\\/\",\"url\":\"https:\\\/\\\/store.boccas.biz\\\/wp-content\\\/uploads\\\/2018\\\/10\\\/Boccas_Icon_512.png\",\"contentUrl\":\"https:\\\/\\\/store.boccas.biz\\\/wp-content\\\/uploads\\\/2018\\\/10\\\/Boccas_Icon_512.png\",\"width\":512,\"height\":512,\"caption\":\"Boccas\"},\"image\":{\"@id\":\"https:\\\/\\\/store.boccas.biz\\\/#\\\/schema\\\/logo\\\/image\\\/\"},\"sameAs\":[\"https:\\\/\\\/pt-pt.facebook.com\\\/Boccas-850820878274686\\\/\",\"https:\\\/\\\/www.instagram.com\\\/boccasballs\\\/\",\"https:\\\/\\\/www.youtube.com\\\/channel\\\/UCO2Nsi2uu73QVljANP75NZg\\\/\"]}]}<\/script>\n<!-- \/ Yoast SEO plugin. -->","yoast_head_json":{"title":"BC3 Fenolic Acrylic Ramp Paris | Boccas","robots":{"index":"index","follow":"follow","max-snippet":"max-snippet:-1","max-image-preview":"max-image-preview:large","max-video-preview":"max-video-preview:-1"},"canonical":"https:\/\/store.boccas.biz\/pt\/produto\/bc3-fenolic-acrylic-ramp-paris\/","og_locale":"pt_PT","og_type":"article","og_title":"BC3 Fenolic Acrylic Ramp Paris | Boccas","og_description":"The Acrylic Ramp, Paris 2024, is a fantastic piece of equipment, targeted at the BC3 class of Boccia competitions.  Includes: 1 Ramp, 1 Wooden Box.","og_url":"https:\/\/store.boccas.biz\/pt\/produto\/bc3-fenolic-acrylic-ramp-paris\/","og_site_name":"Boccas","article_publisher":"https:\/\/pt-pt.facebook.com\/Boccas-850820878274686\/","article_modified_time":"2021-05-05T10:18:27+00:00","og_image":[{"width":961,"height":1280,"url":"https:\/\/store.boccas.biz\/wp-content\/uploads\/2021\/02\/BC3_FenolycAcrylicRamp_Paris2024_02.jpg","type":"image\/jpeg"}],"twitter_card":"summary_large_image","twitter_misc":{"Tempo estimado de leitura":"1 minuto"},"schema":{"@context":"https:\/\/schema.org","@graph":[{"@type":"WebPage","@id":"https:\/\/store.boccas.biz\/product\/bc3-fenolic-acrylic-ramp-paris\/","url":"https:\/\/store.boccas.biz\/product\/bc3-fenolic-acrylic-ramp-paris\/","name":"BC3 Fenolic Acrylic Ramp Paris | Boccas","isPartOf":{"@id":"https:\/\/store.boccas.biz\/#website"},"primaryImageOfPage":{"@id":"https:\/\/store.boccas.biz\/product\/bc3-fenolic-acrylic-ramp-paris\/#primaryimage"},"image":{"@id":"https:\/\/store.boccas.biz\/product\/bc3-fenolic-acrylic-ramp-paris\/#primaryimage"},"thumbnailUrl":"https:\/\/store.boccas.biz\/wp-content\/uploads\/2021\/02\/BC3_FenolycAcrylicRamp_Paris2024_02.jpg","datePublished":"2019-06-25T04:30:49+00:00","dateModified":"2021-05-05T10:18:27+00:00","breadcrumb":{"@id":"https:\/\/store.boccas.biz\/product\/bc3-fenolic-acrylic-ramp-paris\/#breadcrumb"},"inLanguage":"pt-PT","potentialAction":[{"@type":"ReadAction","target":["https:\/\/store.boccas.biz\/product\/bc3-fenolic-acrylic-ramp-paris\/"]}]},{"@type":"ImageObject","inLanguage":"pt-PT","@id":"https:\/\/store.boccas.biz\/product\/bc3-fenolic-acrylic-ramp-paris\/#primaryimage","url":"https:\/\/store.boccas.biz\/wp-content\/uploads\/2021\/02\/BC3_FenolycAcrylicRamp_Paris2024_02.jpg","contentUrl":"https:\/\/store.boccas.biz\/wp-content\/uploads\/2021\/02\/BC3_FenolycAcrylicRamp_Paris2024_02.jpg","width":961,"height":1280,"caption":"BC3 Acrylic Ramp Paris"},{"@type":"BreadcrumbList","@id":"https:\/\/store.boccas.biz\/product\/bc3-fenolic-acrylic-ramp-paris\/#breadcrumb","itemListElement":[{"@type":"ListItem","position":1,"name":"Home","item":"https:\/\/store.boccas.biz\/"},{"@type":"ListItem","position":2,"name":"The Shop","item":"https:\/\/store.boccas.biz\/shop\/"},{"@type":"ListItem","position":3,"name":"BC3 Fenolic Acrylic Ramp Paris"}]},{"@type":"WebSite","@id":"https:\/\/store.boccas.biz\/#website","url":"https:\/\/store.boccas.biz\/","name":"Boccas","description":"Loja Online","publisher":{"@id":"https:\/\/store.boccas.biz\/#organization"},"potentialAction":[{"@type":"SearchAction","target":{"@type":"EntryPoint","urlTemplate":"https:\/\/store.boccas.biz\/?s={search_term_string}"},"query-input":{"@type":"PropertyValueSpecification","valueRequired":true,"valueName":"search_term_string"}}],"inLanguage":"pt-PT"},{"@type":"Organization","@id":"https:\/\/store.boccas.biz\/#organization","name":"Boccas","url":"https:\/\/store.boccas.biz\/","logo":{"@type":"ImageObject","inLanguage":"pt-PT","@id":"https:\/\/store.boccas.biz\/#\/schema\/logo\/image\/","url":"https:\/\/store.boccas.biz\/wp-content\/uploads\/2018\/10\/Boccas_Icon_512.png","contentUrl":"https:\/\/store.boccas.biz\/wp-content\/uploads\/2018\/10\/Boccas_Icon_512.png","width":512,"height":512,"caption":"Boccas"},"image":{"@id":"https:\/\/store.boccas.biz\/#\/schema\/logo\/image\/"},"sameAs":["https:\/\/pt-pt.facebook.com\/Boccas-850820878274686\/","https:\/\/www.instagram.com\/boccasballs\/","https:\/\/www.youtube.com\/channel\/UCO2Nsi2uu73QVljANP75NZg\/"]}]}},"jetpack_sharing_enabled":true,"_links":{"self":[{"href":"https:\/\/store.boccas.biz\/pt\/wp-json\/wp\/v2\/product\/3525","targetHints":{"allow":["GET"]}}],"collection":[{"href":"https:\/\/store.boccas.biz\/pt\/wp-json\/wp\/v2\/product"}],"about":[{"href":"https:\/\/store.boccas.biz\/pt\/wp-json\/wp\/v2\/types\/product"}],"wp:featuredmedia":[{"embeddable":true,"href":"https:\/\/store.boccas.biz\/pt\/wp-json\/wp\/v2\/media\/3527"}],"wp:attachment":[{"href":"https:\/\/store.boccas.biz\/pt\/wp-json\/wp\/v2\/media?parent=3525"}],"wp:term":[{"taxonomy":"product_brand","embeddable":true,"href":"https:\/\/store.boccas.biz\/pt\/wp-json\/wp\/v2\/product_brand?post=3525"},{"taxonomy":"product_cat","embeddable":true,"href":"https:\/\/store.boccas.biz\/pt\/wp-json\/wp\/v2\/product_cat?post=3525"},{"taxonomy":"product_tag","embeddable":true,"href":"https:\/\/store.boccas.biz\/pt\/wp-json\/wp\/v2\/product_tag?post=3525"}],"curies":[{"name":"wp","href":"https:\/\/api.w.org\/{rel}","templated":true}]}}